{"id":32069,"date":"2025-05-15T13:45:09","date_gmt":"2025-05-15T16:45:09","guid":{"rendered":"https:\/\/www.neomind.com.br\/?page_id=32069"},"modified":"2025-05-15T14:04:50","modified_gmt":"2025-05-15T17:04:50","slug":"fusion-platform","status":"publish","type":"page","link":"https:\/\/www.neomind.com.br\/es\/fusion-platform\/","title":{"rendered":"Fusion Platform"},"content":{"rendered":"\n<section class=\"wp-block-group alignfull is-style-hero hero-fusionplatform has-global-padding is-layout-constrained wp-container-core-group-is-layout-7e034253 wp-block-group-is-layout-constrained\">\n<div class=\"wp-block-group alignfull has-global-padding is-layout-constrained wp-block-group-is-layout-constrained\">\n<p class=\"is-style-heading has-x-large-font-size\">M\u00e1s que una plataforma, un ecosistema completo de transformaci\u00f3n digital para tu negocio<\/p>\n<\/div>\n\n\n\n<div class=\"wp-block-group alignfull has-global-padding is-layout-constrained wp-block-group-is-layout-constrained\">\n<p>Automatiza procesos, gestiona documentos, firmas electr\u00f3nicas, sigue indicadores, controla riesgos y procesos judiciales de manera integrada y en un solo lugar.<\/p>\n<\/div>\n\n\n\n<div class=\"wp-block-buttons is-style-hero is-layout-flex wp-block-buttons-is-layout-flex\">\n<div class=\"wp-block-button\"><a class=\"wp-block-button__link wp-element-button\" href=\"https:\/\/www.neomind.com.br\/es\/try\/\" target=\"_blank\" rel=\"noreferrer noopener\">Pru\u00e9balo gratis <\/a><\/div>\n\n\n\n<div class=\"wp-block-button is-style-outline is-style-outline--1\"><a class=\"wp-block-button__link wp-element-button\" href=\"https:\/\/www.neomind.com.br\/es\/contacto\/\" target=\"_blank\" rel=\"noreferrer noopener\">Solicitar una demonstraci\u00f3n<\/a><\/div>\n<\/div>\n\n\n\n<div class=\"wp-block-group alignfull has-global-padding is-layout-constrained wp-block-group-is-layout-constrained\">\n<figure class=\"wp-block-image aligncenter\"><img decoding=\"async\" src=\"https:\/\/www.neomind.com.br\/wp-content\/themes\/ninodem\/assets\/images\/screens\/fusionplatform.webp\" alt=\"Tela\"\/><\/figure>\n\n\n\n<div class=\"wp-block-group alignfull hero-bottom has-desert-storm-to-body-linear-gradient-background has-background is-layout-flow wp-block-group-is-layout-flow\"><\/div>\n<\/div>\n<\/section>\n\n\n\n<section class=\"wp-block-group alignfull is-style-achievements has-global-padding is-layout-constrained wp-container-core-group-is-layout-1d264bf7 wp-block-group-is-layout-constrained\">\n<div class=\"wp-block-columns is-layout-flex wp-container-core-columns-is-layout-28f84493 wp-block-columns-is-layout-flex\">\n<div class=\"wp-block-column is-layout-flow wp-block-column-is-layout-flow\" style=\"flex-basis:47%\">\n<p class=\"is-style-heading\">Mira lo que <strong>nuestros clientes<\/strong> ya han logrado con Fusion Platform<\/p>\n<\/div>\n\n\n\n<div class=\"wp-block-column is-layout-flow wp-block-column-is-layout-flow\" style=\"flex-basis:52%\">\n<div class=\"wp-block-group is-vertical is-layout-flex wp-container-core-group-is-layout-2d729e81 wp-block-group-is-layout-flex\">\n<p class=\"has-text-align-left is-style-heading\">50% <\/p>\n\n\n\n<p>de ganancia en rendimiento en los flujos de trabajo<\/p>\n<\/div>\n\n\n\n<div class=\"wp-block-group is-vertical is-layout-flex wp-container-core-group-is-layout-2d729e81 wp-block-group-is-layout-flex\">\n<p class=\"has-text-align-left is-style-heading\">85% <\/p>\n\n\n\n<p>reducci\u00f3n de costos con firma electr\u00f3nica<\/p>\n<\/div>\n\n\n\n<div class=\"wp-block-group is-vertical is-layout-flex wp-container-core-group-is-layout-2d729e81 wp-block-group-is-layout-flex\">\n<p class=\"has-text-align-left is-style-heading\">60% <\/p>\n\n\n\n<p>aumento en el volumen de solicitudes automatizadas<\/p>\n<\/div>\n<\/div>\n<\/div>\n<\/section>\n\n\n\n<div class=\"wp-block-media-text alignwide is-stacked-on-mobile\" style=\"grid-template-columns:45% auto\"><figure class=\"wp-block-media-text__media\"><img decoding=\"async\" src=\"https:\/\/www.neomind.com.br\/wp-content\/themes\/ninodem\/assets\/images\/fusionplatform-bpm.webp\" alt=\"BPM\"\/><\/figure><div class=\"wp-block-media-text__content\">\n<header class=\"wp-block-group is-vertical is-layout-flex wp-container-core-group-is-layout-fe9cc265 wp-block-group-is-layout-flex\">\n<p>Procesos &#8211; BPM<\/p>\n\n\n\n<p class=\"is-style-heading\">Automatiza procesos empresariales de forma simple y con la facilidad low-code<\/p>\n<\/header>\n\n\n\n<p>Crea procesos automatizados, flexibles y totalmente integrados a los sistemas de gesti\u00f3n de manera intuitiva, con o sin la necesidad de programaci\u00f3n.<\/p>\n\n\n\n<div class=\"wp-block-buttons is-layout-flex wp-block-buttons-is-layout-flex\">\n<div class=\"wp-block-button is-style-link is-style-link--2\"><a class=\"wp-block-button__link wp-element-button\" href=\"https:\/\/www.neomind.com.br\/es\/fusion-platform\/bpms\/\">Saber m\u00e1s<\/a><\/div>\n<\/div>\n<\/div><\/div>\n\n\n\n<div class=\"wp-block-media-text alignwide has-media-on-the-right is-stacked-on-mobile\" style=\"grid-template-columns:auto 45%\"><div class=\"wp-block-media-text__content\">\n<header class=\"wp-block-group is-vertical is-layout-flex wp-container-core-group-is-layout-fe9cc265 wp-block-group-is-layout-flex\">\n<p>Documentos \u2013 GED\/ECM<\/p>\n\n\n\n<p class=\"is-style-heading\">Documentos siempre accesibles y rastreables, f\u00e1ciles de localizar y totalmente seguros<\/p>\n<\/header>\n\n\n\n<p>Asegura el cumplimiento, ten una visi\u00f3n completa del ciclo de vida de tus documentos e interact\u00faa con la informaci\u00f3n usando nuestro asistente de IA.<\/p>\n\n\n\n<div class=\"wp-block-buttons is-layout-flex wp-block-buttons-is-layout-flex\">\n<div class=\"wp-block-button is-style-link is-style-link--3\"><a class=\"wp-block-button__link wp-element-button\" href=\"https:\/\/www.neomind.com.br\/es\/fusion-platform\/ged\">Saber m\u00e1s<\/a><\/div>\n<\/div>\n<\/div><figure class=\"wp-block-media-text__media\"><img decoding=\"async\" src=\"https:\/\/www.neomind.com.br\/wp-content\/themes\/ninodem\/assets\/images\/fusionplatform-ged-ecm.webp\" alt=\"GED\/ECM\"\/><\/figure><\/div>\n\n\n\n<div class=\"wp-block-media-text alignwide is-stacked-on-mobile\" style=\"grid-template-columns:45% auto\"><figure class=\"wp-block-media-text__media\"><img decoding=\"async\" src=\"https:\/\/www.neomind.com.br\/wp-content\/themes\/ninodem\/assets\/images\/fusionplatform-esign.webp\" alt=\"E-sign\"\/><\/figure><div class=\"wp-block-media-text__content\">\n<header class=\"wp-block-group is-vertical is-layout-flex wp-container-core-group-is-layout-fe9cc265 wp-block-group-is-layout-flex\">\n<p>Firmas<\/p>\n\n\n\n<p class=\"is-style-heading\">Firma \u00e1gil e integrada a tus procesos y documentos para acelerar tu negocio<\/p>\n<\/header>\n\n\n\n<p>Centraliza en un solo lugar todas las pendientes de firma y disfruta de la comodidad de recibir y firmar a trav\u00e9s de WhatsApp, con seguridad y validez jur\u00eddica.<\/p>\n\n\n\n<div class=\"wp-block-buttons is-layout-flex wp-block-buttons-is-layout-flex\">\n<div class=\"wp-block-button is-style-link is-style-link--4\"><a class=\"wp-block-button__link wp-element-button\" href=\"https:\/\/www.neomind.com.br\/es\/fusion-platform\/firmas\">Saber m\u00e1s<\/a><\/div>\n<\/div>\n<\/div><\/div>\n\n\n\n<div class=\"wp-block-media-text alignwide has-media-on-the-right is-stacked-on-mobile\" style=\"grid-template-columns:auto 45%\"><div class=\"wp-block-media-text__content\">\n<header class=\"wp-block-group is-vertical is-layout-flex wp-container-core-group-is-layout-fe9cc265 wp-block-group-is-layout-flex\">\n<p>Riesgos<\/p>\n\n\n\n<p class=\"is-style-heading\">Impulsa los resultados de tu organizaci\u00f3n con la cultura de gesti\u00f3n de riesgos<\/p>\n<\/header>\n\n\n\n<p>Asegura el alineamiento con est\u00e1ndares del mercado y metodolog\u00edas internacionales, como la ISO 31000 y el framework 5W2H.<\/p>\n\n\n\n<div class=\"wp-block-buttons is-layout-flex wp-block-buttons-is-layout-flex\">\n<div class=\"wp-block-button is-style-link is-style-link--5\"><a class=\"wp-block-button__link wp-element-button\" href=\"https:\/\/www.neomind.com.br\/es\/fusion-platform\/riesgos\">Saber m\u00e1s<\/a><\/div>\n<\/div>\n<\/div><figure class=\"wp-block-media-text__media\"><img decoding=\"async\" src=\"https:\/\/www.neomind.com.br\/wp-content\/themes\/ninodem\/assets\/images\/fusionplatform-risks.webp\" alt=\"Riscos\"\/><\/figure><\/div>\n\n\n\n<div class=\"wp-block-media-text alignwide is-stacked-on-mobile\" style=\"grid-template-columns:45% auto\"><figure class=\"wp-block-media-text__media\"><img decoding=\"async\" src=\"https:\/\/www.neomind.com.br\/wp-content\/themes\/ninodem\/assets\/images\/fusionplatform-analytics.webp\" alt=\"Indicadores\"\/><\/figure><div class=\"wp-block-media-text__content\">\n<header class=\"wp-block-group is-vertical is-layout-flex wp-container-core-group-is-layout-fe9cc265 wp-block-group-is-layout-flex\">\n<p>\n\t\t\t\tIndicadores\n\t\t\t<\/p>\n\n\n\n<p class=\"is-style-heading\">Transforma datos en informaci\u00f3n estrat\u00e9gica para tu organizaci\u00f3n<\/p>\n<\/header>\n\n\n\n<p>Extrae informaci\u00f3n detallada de todos los m\u00f3dulos de la plataforma y crea dashboards, informes e indicadores de manera \u00e1gil.<\/p>\n\n\n\n<div class=\"wp-block-buttons is-layout-flex wp-block-buttons-is-layout-flex\">\n<div class=\"wp-block-button is-style-link is-style-link--6\"><a class=\"wp-block-button__link wp-element-button\" href=\"https:\/\/www.neomind.com.br\/es\/fusion-platform\/analytics\">Saber m\u00e1s<\/a><\/div>\n<\/div>\n<\/div><\/div>\n\n\n\n<div class=\"wp-block-group alignfull fusion-platform-advantages has-global-padding is-layout-constrained wp-container-core-group-is-layout-39865595 wp-block-group-is-layout-constrained\">\n<p class=\"is-style-heading fusion-platform-advantages-heading\">M\u00e1s eficiencia, menos complicaciones.<\/p>\n\n\n\n<div class=\"wp-block-group fusion-platform-advantages-row is-content-justification-space-between is-nowrap is-layout-flex wp-container-core-group-is-layout-cb46ffcb wp-block-group-is-layout-flex\">\n<div class=\"wp-block-group fusion-platform-advantages-col-2 is-vertical is-layout-flex wp-container-core-group-is-layout-fe9cc265 wp-block-group-is-layout-flex\">\n<p><img decoding=\"async\" style=\"width: 60px;\" src=\"https:\/\/www.neomind.com.br\/wp-content\/themes\/ninodem\/assets\/images\/e-forms\/paperless.svg\" alt=\"\"><\/p>\n\n\n\n<p>Simplifica tus flujos de trabajo eliminando el papeleo<\/p>\n<\/div>\n\n\n\n<div class=\"wp-block-group fusion-platform-advantages-col-3 is-vertical is-layout-flex wp-container-core-group-is-layout-fe9cc265 wp-block-group-is-layout-flex\">\n<p><img decoding=\"async\" style=\"width: 60px;\" src=\"https:\/\/www.neomind.com.br\/wp-content\/themes\/ninodem\/assets\/images\/e-forms\/integration.svg\" alt=\"\"><\/p>\n\n\n\n<p>Integraci\u00f3n completa con procesos, documentos y firmas<\/p>\n<\/div>\n\n\n\n<div class=\"wp-block-group fusion-platform-advantages-col-4 is-vertical is-layout-flex wp-container-core-group-is-layout-fe9cc265 wp-block-group-is-layout-flex\">\n<p><img decoding=\"async\" style=\"width: 60px;\" src=\"https:\/\/www.neomind.com.br\/wp-content\/themes\/ninodem\/assets\/images\/e-forms\/accuracy.svg\" alt=\"\"><\/p>\n\n\n\n<p>Garantiza precisi\u00f3n y evita errores o p\u00e9rdida de informaci\u00f3n<\/p>\n<\/div>\n\n\n\n<div class=\"wp-block-group fusion-platform-advantages-col-4 is-vertical is-layout-flex wp-container-core-group-is-layout-fe9cc265 wp-block-group-is-layout-flex\">\n<p><img decoding=\"async\" style=\"width: 60px;\" src=\"https:\/\/www.neomind.com.br\/wp-content\/themes\/ninodem\/assets\/images\/e-forms\/insights.svg\" alt=\"\"><\/p>\n\n\n\n<p>Transforma los datos recopilados en insights estrat\u00e9gicos<\/p>\n<\/div>\n<\/div>\n<\/div>\n\n\n\n<section class=\"wp-block-group alignfull sync-integrations has-global-padding is-layout-constrained wp-container-core-group-is-layout-a0f86a60 wp-block-group-is-layout-constrained\">\n<div style=\"height:var(--wp--preset--spacing--15)\" aria-hidden=\"true\" class=\"wp-block-spacer\"><\/div>\n\n\n\n<div class=\"wp-block-group sync-integrations-headline has-global-padding is-layout-constrained wp-block-group-is-layout-constrained\">\n<p class=\"sync-integrations-headline-text\" style=\"text-transform:uppercase\">Integraciones<\/p>\n<\/div>\n\n\n\n<div class=\"wp-block-group sync-integrations-content is-vertical is-layout-flex wp-container-core-group-is-layout-fe9cc265 wp-block-group-is-layout-flex\">\n<p class=\"sync-integrations-heading\">El ecosistema perfecto para el crecimiento de tu negocio<\/p>\n\n\n\n<p class=\"sync-integrations-text\">Desbloquea nuevas posibilidades e impulsa el crecimiento de tu negocio a trav\u00e9s de integraciones nativas, inteligentes y flexibles.<\/p>\n<\/div>\n\n\n\n<figure class=\"wp-block-image size-large\"><img decoding=\"async\" src=\"https:\/\/www.neomind.com.br\/wp-content\/themes\/ninodem\/assets\/images\/sync-integrations.webp\" alt=\"\"\/><\/figure>\n\n\n\n<div style=\"height:var(--wp--preset--spacing--60)\" aria-hidden=\"true\" class=\"wp-block-spacer\"><\/div>\n<\/section>\n\n\n\n<section class=\"wp-block-group alignfull banner-cta has-global-padding is-layout-constrained wp-block-group-is-layout-constrained\">\n<div class=\"wp-block-group alignfull has-global-padding is-layout-constrained wp-block-group-is-layout-constrained\">\n<div class=\"wp-block-group is-layout-flex wp-block-group-is-layout-flex\">\n<div class=\"wp-block-group is-vertical is-layout-flex wp-container-core-group-is-layout-fe9cc265 wp-block-group-is-layout-flex\">\n<p>\u00bfQu\u00e9 est\u00e1s esperando?<\/p>\n\n\n\n<p class=\"is-style-heading\">Fusion Platform puede transformar tu empresa y traer los resultados que siempre has deseado<\/p>\n\n\n\n<div class=\"wp-block-buttons is-layout-flex wp-block-buttons-is-layout-flex\">\n<div class=\"wp-block-button is-style-outline is-style-outline--7\"><a class=\"wp-block-button__link wp-element-button\" href=\"https:\/\/www.neomind.com.br\/es\/contacto\/\">Habla con nosotros<\/a><\/div>\n<\/div>\n<\/div>\n\n\n\n<figure class=\"wp-block-image size-large\"><img loading=\"lazy\" decoding=\"async\" width=\"1024\" height=\"730\" src=\"https:\/\/www.neomind.com.br\/wp-content\/uploads\/2025\/05\/fusion-modulos-1024x730.webp\" alt=\"\" class=\"wp-image-32773\" style=\"object-fit:cover\" srcset=\"https:\/\/www.neomind.com.br\/wp-content\/uploads\/2025\/05\/fusion-modulos-1024x730.webp 1024w, https:\/\/www.neomind.com.br\/wp-content\/uploads\/2025\/05\/fusion-modulos-300x214.webp 300w, https:\/\/www.neomind.com.br\/wp-content\/uploads\/2025\/05\/fusion-modulos-768x547.webp 768w, https:\/\/www.neomind.com.br\/wp-content\/uploads\/2025\/05\/fusion-modulos-1536x1095.webp 1536w, https:\/\/www.neomind.com.br\/wp-content\/uploads\/2025\/05\/fusion-modulos.webp 1738w\" sizes=\"auto, (max-width: 1024px) 100vw, 1024px\" \/><\/figure>\n<\/div>\n<\/div>\n<\/section>\n","protected":false},"excerpt":{"rendered":"<p>M\u00e1s que una plataforma, un ecosistema completo de transformaci\u00f3n digital para tu negocio Automatiza procesos, gestiona documentos, firmas electr\u00f3nicas, sigue indicadores, controla riesgos y procesos judiciales de manera integrada y en un solo lugar. Mira lo que nuestros clientes ya han logrado con Fusion Platform 50% de ganancia en rendimiento en los flujos de trabajo [&hellip;]<\/p>\n","protected":false},"author":1,"featured_media":0,"parent":0,"menu_order":0,"comment_status":"closed","ping_status":"closed","template":"page-twentytwentyfive","meta":{"footnotes":""},"class_list":["post-32069","page","type-page","status-publish","hentry"],"yoast_head":"<!-- This site is optimized with the Yoast SEO plugin v25.4 - https:\/\/yoast.com\/wordpress\/plugins\/seo\/ -->\n<title>Fusion Platform - Neomind<\/title>\n<meta name=\"description\" content=\"Integra la gesti\u00f3n de procesos, documentos, firmas, riesgos e indicadores en una plataforma low-code y colaborativa.\" \/>\n<meta name=\"robots\" content=\"index, follow, max-snippet:-1, max-image-preview:large, max-video-preview:-1\" \/>\n<link rel=\"canonical\" href=\"https:\/\/www.neomind.com.br\/es\/fusion-platform\/\" \/>\n<meta property=\"og:locale\" content=\"es_ES\" \/>\n<meta property=\"og:type\" content=\"article\" \/>\n<meta property=\"og:title\" content=\"Fusion Platform - Neomind\" \/>\n<meta property=\"og:description\" content=\"Integra la gesti\u00f3n de procesos, documentos, firmas, riesgos e indicadores en una plataforma low-code y colaborativa.\" \/>\n<meta property=\"og:url\" content=\"https:\/\/www.neomind.com.br\/es\/fusion-platform\/\" \/>\n<meta property=\"og:site_name\" content=\"Neomind\" \/>\n<meta property=\"article:publisher\" content=\"https:\/\/www.facebook.com\/neomindsocial\" \/>\n<meta property=\"article:modified_time\" content=\"2025-05-15T17:04:50+00:00\" \/>\n<meta property=\"og:image\" content=\"https:\/\/www.neomind.com.br\/wp-content\/themes\/ninodem\/assets\/images\/screens\/fusionplatform.webp\" \/>\n<meta name=\"twitter:card\" content=\"summary_large_image\" \/>\n<meta name=\"twitter:label1\" content=\"Tiempo de lectura\" \/>\n\t<meta name=\"twitter:data1\" content=\"1 minuto\" \/>\n<script type=\"application\/ld+json\" class=\"yoast-schema-graph\">{\"@context\":\"https:\/\/schema.org\",\"@graph\":[{\"@type\":\"WebPage\",\"@id\":\"https:\/\/www.neomind.com.br\/es\/fusion-platform\/\",\"url\":\"https:\/\/www.neomind.com.br\/es\/fusion-platform\/\",\"name\":\"Fusion Platform - Neomind\",\"isPartOf\":{\"@id\":\"https:\/\/www.neomind.com.br\/#website\"},\"about\":{\"@id\":\"https:\/\/www.neomind.com.br\/#organization\"},\"primaryImageOfPage\":{\"@id\":\"https:\/\/www.neomind.com.br\/es\/fusion-platform\/#primaryimage\"},\"image\":{\"@id\":\"https:\/\/www.neomind.com.br\/es\/fusion-platform\/#primaryimage\"},\"thumbnailUrl\":\"https:\/\/www.neomind.com.br\/wp-content\/themes\/ninodem\/assets\/images\/screens\/fusionplatform.webp\",\"datePublished\":\"2025-05-15T16:45:09+00:00\",\"dateModified\":\"2025-05-15T17:04:50+00:00\",\"description\":\"Integra la gesti\u00f3n de procesos, documentos, firmas, riesgos e indicadores en una plataforma low-code y colaborativa.\",\"breadcrumb\":{\"@id\":\"https:\/\/www.neomind.com.br\/es\/fusion-platform\/#breadcrumb\"},\"inLanguage\":\"es\",\"potentialAction\":[{\"@type\":\"ReadAction\",\"target\":[\"https:\/\/www.neomind.com.br\/es\/fusion-platform\/\"]}]},{\"@type\":\"ImageObject\",\"inLanguage\":\"es\",\"@id\":\"https:\/\/www.neomind.com.br\/es\/fusion-platform\/#primaryimage\",\"url\":\"https:\/\/www.neomind.com.br\/wp-content\/themes\/ninodem\/assets\/images\/screens\/fusionplatform.webp\",\"contentUrl\":\"https:\/\/www.neomind.com.br\/wp-content\/themes\/ninodem\/assets\/images\/screens\/fusionplatform.webp\"},{\"@type\":\"BreadcrumbList\",\"@id\":\"https:\/\/www.neomind.com.br\/es\/fusion-platform\/#breadcrumb\",\"itemListElement\":[{\"@type\":\"ListItem\",\"position\":1,\"name\":\"In\u00edcio\"}]},{\"@type\":\"WebSite\",\"@id\":\"https:\/\/www.neomind.com.br\/#website\",\"url\":\"https:\/\/www.neomind.com.br\/\",\"name\":\"Neomind\",\"description\":\"\",\"publisher\":{\"@id\":\"https:\/\/www.neomind.com.br\/#organization\"},\"potentialAction\":[{\"@type\":\"SearchAction\",\"target\":{\"@type\":\"EntryPoint\",\"urlTemplate\":\"https:\/\/www.neomind.com.br\/?s={search_term_string}\"},\"query-input\":{\"@type\":\"PropertyValueSpecification\",\"valueRequired\":true,\"valueName\":\"search_term_string\"}}],\"inLanguage\":\"es\"},{\"@type\":\"Organization\",\"@id\":\"https:\/\/www.neomind.com.br\/#organization\",\"name\":\"Neomind\",\"url\":\"https:\/\/www.neomind.com.br\/\",\"logo\":{\"@type\":\"ImageObject\",\"inLanguage\":\"es\",\"@id\":\"https:\/\/www.neomind.com.br\/#\/schema\/logo\/image\/\",\"url\":\"https:\/\/www.neomind.com.br\/wp-content\/uploads\/2018\/04\/logo-neomind-vertical.png\",\"contentUrl\":\"https:\/\/www.neomind.com.br\/wp-content\/uploads\/2018\/04\/logo-neomind-vertical.png\",\"width\":1280,\"height\":713,\"caption\":\"Neomind\"},\"image\":{\"@id\":\"https:\/\/www.neomind.com.br\/#\/schema\/logo\/image\/\"},\"sameAs\":[\"https:\/\/www.facebook.com\/neomindsocial\",\"https:\/\/www.instagram.com\/neomind.solutions\/\",\"https:\/\/www.linkedin.com\/company\/neomind\/\",\"https:\/\/www.youtube.com\/NeomindSocial\/\"]}]}<\/script>\n<!-- \/ Yoast SEO plugin. -->","yoast_head_json":{"title":"Fusion Platform - Neomind","description":"Integra la gesti\u00f3n de procesos, documentos, firmas, riesgos e indicadores en una plataforma low-code y colaborativa.","robots":{"index":"index","follow":"follow","max-snippet":"max-snippet:-1","max-image-preview":"max-image-preview:large","max-video-preview":"max-video-preview:-1"},"canonical":"https:\/\/www.neomind.com.br\/es\/fusion-platform\/","og_locale":"es_ES","og_type":"article","og_title":"Fusion Platform - Neomind","og_description":"Integra la gesti\u00f3n de procesos, documentos, firmas, riesgos e indicadores en una plataforma low-code y colaborativa.","og_url":"https:\/\/www.neomind.com.br\/es\/fusion-platform\/","og_site_name":"Neomind","article_publisher":"https:\/\/www.facebook.com\/neomindsocial","article_modified_time":"2025-05-15T17:04:50+00:00","og_image":[{"url":"https:\/\/www.neomind.com.br\/wp-content\/themes\/ninodem\/assets\/images\/screens\/fusionplatform.webp","type":"","width":"","height":""}],"twitter_card":"summary_large_image","twitter_misc":{"Tiempo de lectura":"1 minuto"},"schema":{"@context":"https:\/\/schema.org","@graph":[{"@type":"WebPage","@id":"https:\/\/www.neomind.com.br\/es\/fusion-platform\/","url":"https:\/\/www.neomind.com.br\/es\/fusion-platform\/","name":"Fusion Platform - Neomind","isPartOf":{"@id":"https:\/\/www.neomind.com.br\/#website"},"about":{"@id":"https:\/\/www.neomind.com.br\/#organization"},"primaryImageOfPage":{"@id":"https:\/\/www.neomind.com.br\/es\/fusion-platform\/#primaryimage"},"image":{"@id":"https:\/\/www.neomind.com.br\/es\/fusion-platform\/#primaryimage"},"thumbnailUrl":"https:\/\/www.neomind.com.br\/wp-content\/themes\/ninodem\/assets\/images\/screens\/fusionplatform.webp","datePublished":"2025-05-15T16:45:09+00:00","dateModified":"2025-05-15T17:04:50+00:00","description":"Integra la gesti\u00f3n de procesos, documentos, firmas, riesgos e indicadores en una plataforma low-code y colaborativa.","breadcrumb":{"@id":"https:\/\/www.neomind.com.br\/es\/fusion-platform\/#breadcrumb"},"inLanguage":"es","potentialAction":[{"@type":"ReadAction","target":["https:\/\/www.neomind.com.br\/es\/fusion-platform\/"]}]},{"@type":"ImageObject","inLanguage":"es","@id":"https:\/\/www.neomind.com.br\/es\/fusion-platform\/#primaryimage","url":"https:\/\/www.neomind.com.br\/wp-content\/themes\/ninodem\/assets\/images\/screens\/fusionplatform.webp","contentUrl":"https:\/\/www.neomind.com.br\/wp-content\/themes\/ninodem\/assets\/images\/screens\/fusionplatform.webp"},{"@type":"BreadcrumbList","@id":"https:\/\/www.neomind.com.br\/es\/fusion-platform\/#breadcrumb","itemListElement":[{"@type":"ListItem","position":1,"name":"In\u00edcio"}]},{"@type":"WebSite","@id":"https:\/\/www.neomind.com.br\/#website","url":"https:\/\/www.neomind.com.br\/","name":"Neomind","description":"","publisher":{"@id":"https:\/\/www.neomind.com.br\/#organization"},"potentialAction":[{"@type":"SearchAction","target":{"@type":"EntryPoint","urlTemplate":"https:\/\/www.neomind.com.br\/?s={search_term_string}"},"query-input":{"@type":"PropertyValueSpecification","valueRequired":true,"valueName":"search_term_string"}}],"inLanguage":"es"},{"@type":"Organization","@id":"https:\/\/www.neomind.com.br\/#organization","name":"Neomind","url":"https:\/\/www.neomind.com.br\/","logo":{"@type":"ImageObject","inLanguage":"es","@id":"https:\/\/www.neomind.com.br\/#\/schema\/logo\/image\/","url":"https:\/\/www.neomind.com.br\/wp-content\/uploads\/2018\/04\/logo-neomind-vertical.png","contentUrl":"https:\/\/www.neomind.com.br\/wp-content\/uploads\/2018\/04\/logo-neomind-vertical.png","width":1280,"height":713,"caption":"Neomind"},"image":{"@id":"https:\/\/www.neomind.com.br\/#\/schema\/logo\/image\/"},"sameAs":["https:\/\/www.facebook.com\/neomindsocial","https:\/\/www.instagram.com\/neomind.solutions\/","https:\/\/www.linkedin.com\/company\/neomind\/","https:\/\/www.youtube.com\/NeomindSocial\/"]}]}},"_links":{"self":[{"href":"https:\/\/www.neomind.com.br\/es\/wp-json\/wp\/v2\/pages\/32069","targetHints":{"allow":["GET"]}}],"collection":[{"href":"https:\/\/www.neomind.com.br\/es\/wp-json\/wp\/v2\/pages"}],"about":[{"href":"https:\/\/www.neomind.com.br\/es\/wp-json\/wp\/v2\/types\/page"}],"author":[{"embeddable":true,"href":"https:\/\/www.neomind.com.br\/es\/wp-json\/wp\/v2\/users\/1"}],"replies":[{"embeddable":true,"href":"https:\/\/www.neomind.com.br\/es\/wp-json\/wp\/v2\/comments?post=32069"}],"version-history":[{"count":6,"href":"https:\/\/www.neomind.com.br\/es\/wp-json\/wp\/v2\/pages\/32069\/revisions"}],"predecessor-version":[{"id":32203,"href":"https:\/\/www.neomind.com.br\/es\/wp-json\/wp\/v2\/pages\/32069\/revisions\/32203"}],"wp:attachment":[{"href":"https:\/\/www.neomind.com.br\/es\/wp-json\/wp\/v2\/media?parent=32069"}],"curies":[{"name":"wp","href":"https:\/\/api.w.org\/{rel}","templated":true}]}}