{"id":32120,"date":"2025-05-15T13:45:04","date_gmt":"2025-05-15T16:45:04","guid":{"rendered":"https:\/\/www.neomind.com.br\/?page_id=32120"},"modified":"2025-05-15T14:04:55","modified_gmt":"2025-05-15T17:04:55","slug":"analytics","status":"publish","type":"page","link":"https:\/\/www.neomind.com.br\/es\/fusion-platform\/analytics\/","title":{"rendered":"Indicadores &#8211; Analytics"},"content":{"rendered":"\n<section class=\"wp-block-group alignfull is-style-hero has-global-padding is-layout-constrained wp-container-core-group-is-layout-9dbdedd1 wp-block-group-is-layout-constrained\">\n<div class=\"wp-block-group alignfull has-global-padding is-layout-constrained wp-block-group-is-layout-constrained\">\n<p class=\"is-style-heading\">Centraliza el seguimiento de indicadores<\/p>\n<\/div>\n\n\n\n<div class=\"wp-block-group alignfull has-global-padding is-layout-constrained wp-block-group-is-layout-constrained\">\n<p>Transforma los datos de tus procesos, documentos y firmas en decisiones acertadas para tu negocio.<\/p>\n<\/div>\n\n\n\n<div class=\"wp-block-buttons is-style-hero is-layout-flex wp-block-buttons-is-layout-flex\">\n<div class=\"wp-block-button\"><a class=\"wp-block-button__link wp-element-button\" href=\"https:\/\/www.neomind.com.br\/es\/try\/\" target=\"_blank\" rel=\"noreferrer noopener\">Pru\u00e9balo gratis<\/a><\/div>\n\n\n\n<div class=\"wp-block-button is-style-outline is-style-outline--1\"><a class=\"wp-block-button__link wp-element-button\" href=\"https:\/\/www.neomind.com.br\/es\/contacto\/\" target=\"_blank\" rel=\"noreferrer noopener\">Solicitar una demonstraci\u00f3n<\/a><\/div>\n<\/div>\n\n\n\n<div class=\"wp-block-group alignfull has-global-padding is-layout-constrained wp-block-group-is-layout-constrained\">\n<figure class=\"wp-block-image aligncenter\"><img decoding=\"async\" src=\"https:\/\/www.neomind.com.br\/wp-content\/themes\/ninodem\/assets\/images\/screens\/analytics.webp\" alt=\"Tela\"\/><\/figure>\n\n\n\n<div class=\"wp-block-group alignfull hero-bottom has-desert-storm-to-body-linear-gradient-background has-background is-layout-flow wp-block-group-is-layout-flow\"><\/div>\n<\/div>\n<\/section>\n\n\n\n<div class=\"wp-block-media-text alignwide is-stacked-on-mobile\" style=\"grid-template-columns:45% auto\"><figure class=\"wp-block-media-text__media\"><img decoding=\"async\" src=\"https:\/\/www.neomind.com.br\/wp-content\/themes\/ninodem\/assets\/images\/analytics-hub.webp\" alt=\"Hub\"\/><\/figure><div class=\"wp-block-media-text__content\">\n<header class=\"wp-block-group is-vertical is-layout-flex wp-container-core-group-is-layout-fe9cc265 wp-block-group-is-layout-flex\">\n<p class=\"is-style-heading\">Ten control de todos los indicadores en un solo lugar<\/p>\n<\/header>\n\n\n\n<p>Centraliza los datos detallados de todos los m\u00f3dulos de la plataforma y crea dashboards, informes e indicadores de manera r\u00e1pida y eficiente. As\u00ed, transformas la informaci\u00f3n en poderosos insights, facilitando la toma de decisiones estrat\u00e9gicas para impulsar el crecimiento de tu negocio.<\/p>\n\n\n\n<div class=\"wp-block-buttons is-layout-flex wp-block-buttons-is-layout-flex\">\n<div class=\"wp-block-button is-style-link is-style-link--2\"><a class=\"wp-block-button__link wp-element-button\" href=\"https:\/\/www.neomind.com.br\/es\/contacto\/\">Solicitar una demonstraci\u00f3n<\/a><\/div>\n<\/div>\n<\/div><\/div>\n\n\n\n<div class=\"wp-block-media-text alignwide has-media-on-the-right is-stacked-on-mobile\" style=\"grid-template-columns:auto 45%\"><div class=\"wp-block-media-text__content\">\n<header class=\"wp-block-group is-vertical is-layout-flex wp-container-core-group-is-layout-fe9cc265 wp-block-group-is-layout-flex\">\n<p class=\"is-style-heading\">Reduce el tiempo dedicado a los an\u00e1lisis con el Dashboard by Grafana<\/p>\n<\/header>\n\n\n\n<p>Accede a una capa adicional de an\u00e1lisis estad\u00edstico y visualizaci\u00f3n de datos con la integraci\u00f3n del Dashboard by Grafana. Monitorea, analiza y optimiza proyectos de manera m\u00e1s eficaz, con visualizaciones en tiempo real y una vista consolidada de todos tus KPIs.<\/p>\n\n\n\n<div class=\"wp-block-buttons is-layout-flex wp-block-buttons-is-layout-flex\">\n<div class=\"wp-block-button is-style-link is-style-link--3\"><a class=\"wp-block-button__link wp-element-button\" href=\"https:\/\/www.neomind.com.br\/es\/contacto\/\">Solicitar una demonstraci\u00f3n<\/a><\/div>\n<\/div>\n<\/div><figure class=\"wp-block-media-text__media\"><img decoding=\"async\" src=\"https:\/\/www.neomind.com.br\/wp-content\/themes\/ninodem\/assets\/images\/analytics-dashboard.webp\" alt=\"Dashboard\"\/><\/figure><\/div>\n\n\n\n<div class=\"wp-block-media-text alignwide is-stacked-on-mobile\" style=\"grid-template-columns:45% auto\"><figure class=\"wp-block-media-text__media\"><img decoding=\"async\" src=\"https:\/\/www.neomind.com.br\/wp-content\/themes\/ninodem\/assets\/images\/analytics-views.webp\" alt=\"Views\"\/><\/figure><div class=\"wp-block-media-text__content\">\n<header class=\"wp-block-group is-vertical is-layout-flex wp-container-core-group-is-layout-fe9cc265 wp-block-group-is-layout-flex\">\n<p class=\"is-style-heading\">Visualiza, compara e identifica cuellos de botella en tus operaciones<\/p>\n<\/header>\n\n\n\n<p>Identifica f\u00e1cilmente los puntos de mejora en tus operaciones al visualizar y comparar datos en tiempo real. Con gr\u00e1ficos e indicadores interactivos, puedes detectar cuellos de botella, optimizar procesos y tomar decisiones r\u00e1pidas y asertivas para mejorar el rendimiento y la eficiencia de tu negocio.<\/p>\n\n\n\n<div class=\"wp-block-buttons is-layout-flex wp-block-buttons-is-layout-flex\">\n<div class=\"wp-block-button is-style-link is-style-link--4\"><a class=\"wp-block-button__link wp-element-button\" href=\"https:\/\/www.neomind.com.br\/es\/contacto\/\">Solicitar una demonstraci\u00f3n<\/a><\/div>\n<\/div>\n<\/div><\/div>\n\n\n\n<div class=\"wp-block-media-text alignwide has-media-on-the-right is-stacked-on-mobile\" style=\"grid-template-columns:auto 45%\"><div class=\"wp-block-media-text__content\">\n<header class=\"wp-block-group is-vertical is-layout-flex wp-container-core-group-is-layout-fe9cc265 wp-block-group-is-layout-flex\">\n<p class=\"is-style-heading\">An\u00e1lisis personalizables<\/p>\n<\/header>\n\n\n\n<p>Crea an\u00e1lisis que se ajusten exactamente a las necesidades de tu negocio, proporcionando datos relevantes y estrat\u00e9gicos que realmente impulsen tus resultados.<\/p>\n\n\n\n<div class=\"wp-block-buttons is-layout-flex wp-block-buttons-is-layout-flex\">\n<div class=\"wp-block-button is-style-link is-style-link--5\"><a class=\"wp-block-button__link wp-element-button\" href=\"https:\/\/www.neomind.com.br\/es\/contacto\/\">Solicitar una demonstraci\u00f3n<\/a><\/div>\n<\/div>\n<\/div><figure class=\"wp-block-media-text__media\"><img decoding=\"async\" src=\"https:\/\/www.neomind.com.br\/wp-content\/themes\/ninodem\/assets\/images\/analytics-custom.webp\" alt=\"Personalizado\"\/><\/figure><\/div>\n\n\n\n<section class=\"wp-block-group alignfull testimonials has-global-padding is-layout-constrained wp-container-core-group-is-layout-cabdf549 wp-block-group-is-layout-constrained\" style=\"padding-top:var(--wp--preset--spacing--70)\">\n<p class=\"is-style-heading\">Transformando empresas en diversos sectores<\/p>\n\n\n<div class=\"wp-block-group testimonials-carousel has-global-padding is-layout-constrained wp-block-group-is-layout-constrained\">\n\n\n<div data-indicator=\"Industria\" class=\"wp-block-columns are-vertically-aligned-top is-setor-industria is-layout-flex wp-container-core-columns-is-layout-829b6d85 wp-block-columns-is-layout-flex\">\n<div class=\"wp-block-column is-vertically-aligned-top is-layout-flow wp-block-column-is-layout-flow\" style=\"flex-basis:52.5%\">\n<blockquote class=\"wp-block-quote is-layout-flow wp-block-quote-is-layout-flow\">\n<p>En Fusion Platform, somos casi totalmente independientes y nuestro equipo es capaz de resolver casi todos los problemas de inmediato, adem\u00e1s de ajustar y crear nuevos flujos, lo cual es uno de los mayores beneficios de la herramienta.<\/p>\n<cite><img loading=\"lazy\" decoding=\"async\" width=\"55\" height=\"55\" src=\"https:\/\/www.neomind.com.br\/wp-content\/themes\/ninodem\/assets\/images\/testimonials\/avatar-tomas-jancov.webp\" alt=\"Avatar\"> <br><strong>Tom\u00e1\u0161 Jancov<\/strong><em> <br>Gerente de TI de Nidec Global Appliance<\/em><\/cite><\/blockquote>\n<\/div>\n\n\n\n<div class=\"wp-block-column is-vertically-aligned-top is-layout-flow wp-block-column-is-layout-flow\" style=\"flex-basis:47.5%\">\n<figure class=\"wp-block-image\"><a href=\"https:\/\/youtu.be\/tscJPkuQ_Qk\"><img decoding=\"async\" src=\"https:\/\/www.neomind.com.br\/wp-content\/themes\/ninodem\/assets\/images\/testimonials\/poster-nidec-ga.webp\" alt=\"Casos de Sucesso - Embraco\/Nidec + Neomind\" style=\"object-fit:cover\"\/><\/a><\/figure>\n<\/div>\n<\/div>\n\n\n\n\n\n<div data-indicator=\"Seguridad\" class=\"wp-block-columns are-vertically-aligned-top is-setor-farmaceutico is-layout-flex wp-container-core-columns-is-layout-829b6d85 wp-block-columns-is-layout-flex\">\n<div class=\"wp-block-column is-vertically-aligned-top is-layout-flow wp-block-column-is-layout-flow\" style=\"flex-basis:52.5%\">\n<blockquote class=\"wp-block-quote is-layout-flow wp-block-quote-is-layout-flow\">\n<p>En Neomind, tenemos la confianza de que, si replanteamos el futuro de Orsegups con mayores crecimientos y nuevos desaf\u00edos, contaremos con el respaldo de un proveedor confiable, s\u00f3lido y que ha demostrado, durante un largo per\u00edodo, ser capaz de atender nuestras necesidades ofreciendo soluciones adecuadas.<\/p>\n<cite><img loading=\"lazy\" decoding=\"async\" width=\"55\" height=\"55\" src=\"https:\/\/www.neomind.com.br\/wp-content\/themes\/ninodem\/assets\/images\/testimonials\/avatar-giliardi-dos-santos.webp\" alt=\"Avatar\"> <br><strong>Giliardi dos Santos<\/strong><em> <br>Director de TI de Orsegups<\/em><\/cite><\/blockquote>\n<\/div>\n\n\n\n<div class=\"wp-block-column is-vertically-aligned-top is-layout-flow wp-block-column-is-layout-flow\" style=\"flex-basis:47.5%\">\n<figure class=\"wp-block-image\"><a href=\"https:\/\/youtu.be\/PSh7PmNBbkM\"><img decoding=\"async\" src=\"https:\/\/www.neomind.com.br\/wp-content\/themes\/ninodem\/assets\/images\/testimonials\/poster-orsegups.webp\" alt=\"Casos de Sucesso - Orsegups + Neomind\" style=\"object-fit:cover\"\/><\/a><\/figure>\n<\/div>\n<\/div>\n\n\n\n\n\n<div data-indicator=\"Farmac\u00e9utico\" class=\"wp-block-columns are-vertically-aligned-top is-setor-financeiro is-layout-flex wp-container-core-columns-is-layout-829b6d85 wp-block-columns-is-layout-flex\">\n<div class=\"wp-block-column is-vertically-aligned-top is-layout-flow wp-block-column-is-layout-flow\" style=\"flex-basis:52.5%\">\n<blockquote class=\"wp-block-quote is-layout-flow wp-block-quote-is-layout-flow\">\n<p>Es una ganancia de informaci\u00f3n, porque tienes mucho m\u00e1s acceso a los datos guardados de procesos anteriores y control del tiempo. En lo que respecta a la gesti\u00f3n de personas, hubo un gran aumento en la agilidad de las actividades y procesos. En esta pr\u00f3xima fase, vamos a automatizar estos procesos, y el ahorro de tiempo para los empleados ser\u00e1 enorme, el sistema lo har\u00e1 todo autom\u00e1ticamente.<\/p>\n<cite><img loading=\"lazy\" decoding=\"async\" width=\"55\" height=\"55\" src=\"https:\/\/www.neomind.com.br\/wp-content\/themes\/ninodem\/assets\/images\/testimonials\/avatar-fernando-felipe.webp\" alt=\"Avatar\"> <br><strong>Fernando Felipe<\/strong><em> <br>Global Business Developer en H. Eg\u00eddio Group<\/em><\/cite><\/blockquote>\n<\/div>\n\n\n\n<div class=\"wp-block-column is-vertically-aligned-top is-layout-flow wp-block-column-is-layout-flow\" style=\"flex-basis:47.5%\">\n<figure class=\"wp-block-image\"><a href=\"https:\/\/youtu.be\/H71ym49vlw0\"><img decoding=\"async\" src=\"https:\/\/www.neomind.com.br\/wp-content\/themes\/ninodem\/assets\/images\/testimonials\/poster-h-egidio-group.webp\" alt=\"Casos de Sucesso - H. Eg\u00eddio Group + Neomind\" style=\"object-fit:cover\"\/><\/a><\/figure>\n<\/div>\n<\/div>\n\n\n\n\n\n<div data-indicator=\"Metal\u00fargica\" class=\"wp-block-columns are-vertically-aligned-top is-setor-publico is-layout-flex wp-container-core-columns-is-layout-829b6d85 wp-block-columns-is-layout-flex\">\n<div class=\"wp-block-column is-vertically-aligned-top is-layout-flow wp-block-column-is-layout-flow\" style=\"flex-basis:52.5%\">\n<blockquote class=\"wp-block-quote is-layout-flow wp-block-quote-is-layout-flow\">\n<p>Al ser una soluci\u00f3n que ofrece flexibilidad para desarrollar, es f\u00e1cil hacer seguimiento y realizar cambios. A medida que surgen demandas de automatizaci\u00f3n, nuestro equipo puede desarrollar los flujos y hacer las modificaciones necesarias.<\/p>\n<cite><img loading=\"lazy\" decoding=\"async\" width=\"55\" height=\"55\" class=\"wp-image-31712\" style=\"width: 55px;\" src=\"https:\/\/www.neomind.com.br\/wp-content\/uploads\/2025\/05\/steelmast-fernando.png\" alt=\"\"> <strong>Fernando Drevek<\/strong><em> Analista de Soporte<\/em><\/cite><\/blockquote>\n<\/div>\n\n\n\n<div class=\"wp-block-column is-vertically-aligned-top is-layout-flow wp-block-column-is-layout-flow\" style=\"flex-basis:47.5%\">\n<figure class=\"wp-block-image size-large\"><a href=\"https:\/\/youtu.be\/OpOPsW1LP54\"><img loading=\"lazy\" decoding=\"async\" width=\"1024\" height=\"576\" src=\"https:\/\/www.neomind.com.br\/wp-content\/uploads\/2025\/05\/WhatsApp-Image-2025-05-13-at-13.41.29-2-1024x576.jpeg\" alt=\"\" class=\"wp-image-31707\" style=\"object-fit:cover\" srcset=\"https:\/\/www.neomind.com.br\/wp-content\/uploads\/2025\/05\/WhatsApp-Image-2025-05-13-at-13.41.29-2-1024x576.jpeg 1024w, https:\/\/www.neomind.com.br\/wp-content\/uploads\/2025\/05\/WhatsApp-Image-2025-05-13-at-13.41.29-2-300x169.jpeg 300w, https:\/\/www.neomind.com.br\/wp-content\/uploads\/2025\/05\/WhatsApp-Image-2025-05-13-at-13.41.29-2-768x432.jpeg 768w, https:\/\/www.neomind.com.br\/wp-content\/uploads\/2025\/05\/WhatsApp-Image-2025-05-13-at-13.41.29-2-1536x864.jpeg 1536w, https:\/\/www.neomind.com.br\/wp-content\/uploads\/2025\/05\/WhatsApp-Image-2025-05-13-at-13.41.29-2-398x224.jpeg 398w, https:\/\/www.neomind.com.br\/wp-content\/uploads\/2025\/05\/WhatsApp-Image-2025-05-13-at-13.41.29-2-355x200.jpeg 355w, https:\/\/www.neomind.com.br\/wp-content\/uploads\/2025\/05\/WhatsApp-Image-2025-05-13-at-13.41.29-2.jpeg 1600w\" sizes=\"auto, (max-width: 1024px) 100vw, 1024px\" \/><\/a><\/figure>\n<\/div>\n<\/div>\n\n\n<\/div>\n\n\n<div style=\"height:var(--wp--preset--spacing--15)\" aria-hidden=\"true\" class=\"wp-block-spacer\"><\/div>\n<\/section>\n\n\n\n<div style=\"height:var(--wp--preset--spacing--60)\" aria-hidden=\"true\" class=\"wp-block-spacer\"><\/div>\n\n\n\n<div style=\"height:var(--wp--preset--spacing--30)\" aria-hidden=\"true\" class=\"wp-block-spacer\"><\/div>\n\n\n\n<section class=\"wp-block-group alignfull banner-cta has-global-padding is-layout-constrained wp-block-group-is-layout-constrained\">\n<div class=\"wp-block-group alignfull has-global-padding is-layout-constrained wp-block-group-is-layout-constrained\">\n<div class=\"wp-block-group is-layout-flex wp-block-group-is-layout-flex\">\n<div class=\"wp-block-group is-vertical is-layout-flex wp-container-core-group-is-layout-fe9cc265 wp-block-group-is-layout-flex\">\n<p>\u00bfQu\u00e9 est\u00e1s esperando?<\/p>\n\n\n\n<p class=\"is-style-heading\">Fusion Platform puede transformar tu empresa y traer los resultados que siempre has deseado<\/p>\n\n\n\n<div class=\"wp-block-buttons is-layout-flex wp-block-buttons-is-layout-flex\">\n<div class=\"wp-block-button is-style-outline is-style-outline--6\"><a class=\"wp-block-button__link wp-element-button\" href=\"https:\/\/www.neomind.com.br\/es\/contacto\/\">Habla con nosotros<\/a><\/div>\n<\/div>\n<\/div>\n\n\n\n<figure class=\"wp-block-image size-large\"><img loading=\"lazy\" decoding=\"async\" width=\"1024\" height=\"730\" src=\"https:\/\/www.neomind.com.br\/wp-content\/uploads\/2025\/05\/fusion-modulos-1024x730.webp\" alt=\"\" class=\"wp-image-32773\" style=\"object-fit:cover\" srcset=\"https:\/\/www.neomind.com.br\/wp-content\/uploads\/2025\/05\/fusion-modulos-1024x730.webp 1024w, https:\/\/www.neomind.com.br\/wp-content\/uploads\/2025\/05\/fusion-modulos-300x214.webp 300w, https:\/\/www.neomind.com.br\/wp-content\/uploads\/2025\/05\/fusion-modulos-768x547.webp 768w, https:\/\/www.neomind.com.br\/wp-content\/uploads\/2025\/05\/fusion-modulos-1536x1095.webp 1536w, https:\/\/www.neomind.com.br\/wp-content\/uploads\/2025\/05\/fusion-modulos.webp 1738w\" sizes=\"auto, (max-width: 1024px) 100vw, 1024px\" \/><\/figure>\n<\/div>\n<\/div>\n<\/section>\n","protected":false},"excerpt":{"rendered":"<p>Centraliza el seguimiento de indicadores Transforma los datos de tus procesos, documentos y firmas en decisiones acertadas para tu negocio.<\/p>\n","protected":false},"author":1,"featured_media":0,"parent":32069,"menu_order":0,"comment_status":"closed","ping_status":"closed","template":"page-twentytwentyfive","meta":{"footnotes":""},"class_list":["post-32120","page","type-page","status-publish","hentry"],"yoast_head":"<!-- This site is optimized with the Yoast SEO plugin v25.4 - https:\/\/yoast.com\/wordpress\/plugins\/seo\/ -->\n<title>Analytics | Neomind<\/title>\n<meta name=\"description\" content=\"Transforma los datos de tus procesos, documentos y firmas en decisiones asertivas para tu negocio.\" \/>\n<meta name=\"robots\" content=\"index, follow, max-snippet:-1, max-image-preview:large, max-video-preview:-1\" \/>\n<link rel=\"canonical\" href=\"https:\/\/www.neomind.com.br\/es\/fusion-platform\/analytics\/\" \/>\n<meta property=\"og:locale\" content=\"es_ES\" \/>\n<meta property=\"og:type\" content=\"article\" \/>\n<meta property=\"og:title\" content=\"Analytics | Neomind\" \/>\n<meta property=\"og:description\" content=\"Transforma los datos de tus procesos, documentos y firmas en decisiones asertivas para tu negocio.\" \/>\n<meta property=\"og:url\" content=\"https:\/\/www.neomind.com.br\/es\/fusion-platform\/analytics\/\" \/>\n<meta property=\"og:site_name\" content=\"Neomind\" \/>\n<meta property=\"article:publisher\" content=\"https:\/\/www.facebook.com\/neomindsocial\" \/>\n<meta property=\"article:modified_time\" content=\"2025-05-15T17:04:55+00:00\" \/>\n<meta property=\"og:image\" content=\"https:\/\/www.neomind.com.br\/wp-content\/themes\/ninodem\/assets\/images\/screens\/analytics.webp\" \/>\n<meta name=\"twitter:card\" content=\"summary_large_image\" \/>\n<meta name=\"twitter:label1\" content=\"Tiempo de lectura\" \/>\n\t<meta name=\"twitter:data1\" content=\"1 minuto\" \/>\n<script type=\"application\/ld+json\" class=\"yoast-schema-graph\">{\"@context\":\"https:\/\/schema.org\",\"@graph\":[{\"@type\":\"WebPage\",\"@id\":\"https:\/\/www.neomind.com.br\/es\/fusion-platform\/analytics\/\",\"url\":\"https:\/\/www.neomind.com.br\/es\/fusion-platform\/analytics\/\",\"name\":\"Analytics | Neomind\",\"isPartOf\":{\"@id\":\"https:\/\/www.neomind.com.br\/#website\"},\"about\":{\"@id\":\"https:\/\/www.neomind.com.br\/#organization\"},\"primaryImageOfPage\":{\"@id\":\"https:\/\/www.neomind.com.br\/es\/fusion-platform\/analytics\/#primaryimage\"},\"image\":{\"@id\":\"https:\/\/www.neomind.com.br\/es\/fusion-platform\/analytics\/#primaryimage\"},\"thumbnailUrl\":\"https:\/\/www.neomind.com.br\/wp-content\/themes\/ninodem\/assets\/images\/screens\/analytics.webp\",\"datePublished\":\"2025-05-15T16:45:04+00:00\",\"dateModified\":\"2025-05-15T17:04:55+00:00\",\"description\":\"Transforma los datos de tus procesos, documentos y firmas en decisiones asertivas para tu negocio.\",\"breadcrumb\":{\"@id\":\"https:\/\/www.neomind.com.br\/es\/fusion-platform\/analytics\/#breadcrumb\"},\"inLanguage\":\"es\",\"potentialAction\":[{\"@type\":\"ReadAction\",\"target\":[\"https:\/\/www.neomind.com.br\/es\/fusion-platform\/analytics\/\"]}]},{\"@type\":\"ImageObject\",\"inLanguage\":\"es\",\"@id\":\"https:\/\/www.neomind.com.br\/es\/fusion-platform\/analytics\/#primaryimage\",\"url\":\"https:\/\/www.neomind.com.br\/wp-content\/themes\/ninodem\/assets\/images\/screens\/analytics.webp\",\"contentUrl\":\"https:\/\/www.neomind.com.br\/wp-content\/themes\/ninodem\/assets\/images\/screens\/analytics.webp\"},{\"@type\":\"BreadcrumbList\",\"@id\":\"https:\/\/www.neomind.com.br\/es\/fusion-platform\/analytics\/#breadcrumb\",\"itemListElement\":[{\"@type\":\"ListItem\",\"position\":1,\"name\":\"In\u00edcio\"}]},{\"@type\":\"WebSite\",\"@id\":\"https:\/\/www.neomind.com.br\/#website\",\"url\":\"https:\/\/www.neomind.com.br\/\",\"name\":\"Neomind\",\"description\":\"\",\"publisher\":{\"@id\":\"https:\/\/www.neomind.com.br\/#organization\"},\"potentialAction\":[{\"@type\":\"SearchAction\",\"target\":{\"@type\":\"EntryPoint\",\"urlTemplate\":\"https:\/\/www.neomind.com.br\/?s={search_term_string}\"},\"query-input\":{\"@type\":\"PropertyValueSpecification\",\"valueRequired\":true,\"valueName\":\"search_term_string\"}}],\"inLanguage\":\"es\"},{\"@type\":\"Organization\",\"@id\":\"https:\/\/www.neomind.com.br\/#organization\",\"name\":\"Neomind\",\"url\":\"https:\/\/www.neomind.com.br\/\",\"logo\":{\"@type\":\"ImageObject\",\"inLanguage\":\"es\",\"@id\":\"https:\/\/www.neomind.com.br\/#\/schema\/logo\/image\/\",\"url\":\"https:\/\/www.neomind.com.br\/wp-content\/uploads\/2018\/04\/logo-neomind-vertical.png\",\"contentUrl\":\"https:\/\/www.neomind.com.br\/wp-content\/uploads\/2018\/04\/logo-neomind-vertical.png\",\"width\":1280,\"height\":713,\"caption\":\"Neomind\"},\"image\":{\"@id\":\"https:\/\/www.neomind.com.br\/#\/schema\/logo\/image\/\"},\"sameAs\":[\"https:\/\/www.facebook.com\/neomindsocial\",\"https:\/\/www.instagram.com\/neomind.solutions\/\",\"https:\/\/www.linkedin.com\/company\/neomind\/\",\"https:\/\/www.youtube.com\/NeomindSocial\/\"]}]}<\/script>\n<!-- \/ Yoast SEO plugin. -->","yoast_head_json":{"title":"Analytics | Neomind","description":"Transforma los datos de tus procesos, documentos y firmas en decisiones asertivas para tu negocio.","robots":{"index":"index","follow":"follow","max-snippet":"max-snippet:-1","max-image-preview":"max-image-preview:large","max-video-preview":"max-video-preview:-1"},"canonical":"https:\/\/www.neomind.com.br\/es\/fusion-platform\/analytics\/","og_locale":"es_ES","og_type":"article","og_title":"Analytics | Neomind","og_description":"Transforma los datos de tus procesos, documentos y firmas en decisiones asertivas para tu negocio.","og_url":"https:\/\/www.neomind.com.br\/es\/fusion-platform\/analytics\/","og_site_name":"Neomind","article_publisher":"https:\/\/www.facebook.com\/neomindsocial","article_modified_time":"2025-05-15T17:04:55+00:00","og_image":[{"url":"https:\/\/www.neomind.com.br\/wp-content\/themes\/ninodem\/assets\/images\/screens\/analytics.webp","type":"","width":"","height":""}],"twitter_card":"summary_large_image","twitter_misc":{"Tiempo de lectura":"1 minuto"},"schema":{"@context":"https:\/\/schema.org","@graph":[{"@type":"WebPage","@id":"https:\/\/www.neomind.com.br\/es\/fusion-platform\/analytics\/","url":"https:\/\/www.neomind.com.br\/es\/fusion-platform\/analytics\/","name":"Analytics | Neomind","isPartOf":{"@id":"https:\/\/www.neomind.com.br\/#website"},"about":{"@id":"https:\/\/www.neomind.com.br\/#organization"},"primaryImageOfPage":{"@id":"https:\/\/www.neomind.com.br\/es\/fusion-platform\/analytics\/#primaryimage"},"image":{"@id":"https:\/\/www.neomind.com.br\/es\/fusion-platform\/analytics\/#primaryimage"},"thumbnailUrl":"https:\/\/www.neomind.com.br\/wp-content\/themes\/ninodem\/assets\/images\/screens\/analytics.webp","datePublished":"2025-05-15T16:45:04+00:00","dateModified":"2025-05-15T17:04:55+00:00","description":"Transforma los datos de tus procesos, documentos y firmas en decisiones asertivas para tu negocio.","breadcrumb":{"@id":"https:\/\/www.neomind.com.br\/es\/fusion-platform\/analytics\/#breadcrumb"},"inLanguage":"es","potentialAction":[{"@type":"ReadAction","target":["https:\/\/www.neomind.com.br\/es\/fusion-platform\/analytics\/"]}]},{"@type":"ImageObject","inLanguage":"es","@id":"https:\/\/www.neomind.com.br\/es\/fusion-platform\/analytics\/#primaryimage","url":"https:\/\/www.neomind.com.br\/wp-content\/themes\/ninodem\/assets\/images\/screens\/analytics.webp","contentUrl":"https:\/\/www.neomind.com.br\/wp-content\/themes\/ninodem\/assets\/images\/screens\/analytics.webp"},{"@type":"BreadcrumbList","@id":"https:\/\/www.neomind.com.br\/es\/fusion-platform\/analytics\/#breadcrumb","itemListElement":[{"@type":"ListItem","position":1,"name":"In\u00edcio"}]},{"@type":"WebSite","@id":"https:\/\/www.neomind.com.br\/#website","url":"https:\/\/www.neomind.com.br\/","name":"Neomind","description":"","publisher":{"@id":"https:\/\/www.neomind.com.br\/#organization"},"potentialAction":[{"@type":"SearchAction","target":{"@type":"EntryPoint","urlTemplate":"https:\/\/www.neomind.com.br\/?s={search_term_string}"},"query-input":{"@type":"PropertyValueSpecification","valueRequired":true,"valueName":"search_term_string"}}],"inLanguage":"es"},{"@type":"Organization","@id":"https:\/\/www.neomind.com.br\/#organization","name":"Neomind","url":"https:\/\/www.neomind.com.br\/","logo":{"@type":"ImageObject","inLanguage":"es","@id":"https:\/\/www.neomind.com.br\/#\/schema\/logo\/image\/","url":"https:\/\/www.neomind.com.br\/wp-content\/uploads\/2018\/04\/logo-neomind-vertical.png","contentUrl":"https:\/\/www.neomind.com.br\/wp-content\/uploads\/2018\/04\/logo-neomind-vertical.png","width":1280,"height":713,"caption":"Neomind"},"image":{"@id":"https:\/\/www.neomind.com.br\/#\/schema\/logo\/image\/"},"sameAs":["https:\/\/www.facebook.com\/neomindsocial","https:\/\/www.instagram.com\/neomind.solutions\/","https:\/\/www.linkedin.com\/company\/neomind\/","https:\/\/www.youtube.com\/NeomindSocial\/"]}]}},"_links":{"self":[{"href":"https:\/\/www.neomind.com.br\/es\/wp-json\/wp\/v2\/pages\/32120","targetHints":{"allow":["GET"]}}],"collection":[{"href":"https:\/\/www.neomind.com.br\/es\/wp-json\/wp\/v2\/pages"}],"about":[{"href":"https:\/\/www.neomind.com.br\/es\/wp-json\/wp\/v2\/types\/page"}],"author":[{"embeddable":true,"href":"https:\/\/www.neomind.com.br\/es\/wp-json\/wp\/v2\/users\/1"}],"replies":[{"embeddable":true,"href":"https:\/\/www.neomind.com.br\/es\/wp-json\/wp\/v2\/comments?post=32120"}],"version-history":[{"count":5,"href":"https:\/\/www.neomind.com.br\/es\/wp-json\/wp\/v2\/pages\/32120\/revisions"}],"predecessor-version":[{"id":32125,"href":"https:\/\/www.neomind.com.br\/es\/wp-json\/wp\/v2\/pages\/32120\/revisions\/32125"}],"up":[{"embeddable":true,"href":"https:\/\/www.neomind.com.br\/es\/wp-json\/wp\/v2\/pages\/32069"}],"wp:attachment":[{"href":"https:\/\/www.neomind.com.br\/es\/wp-json\/wp\/v2\/media?parent=32120"}],"curies":[{"name":"wp","href":"https:\/\/api.w.org\/{rel}","templated":true}]}}