{"id":32131,"date":"2025-05-15T13:45:03","date_gmt":"2025-05-15T16:45:03","guid":{"rendered":"https:\/\/www.neomind.com.br\/?page_id=32131"},"modified":"2025-05-15T14:04:52","modified_gmt":"2025-05-15T17:04:52","slug":"formularios","status":"publish","type":"page","link":"https:\/\/www.neomind.com.br\/es\/fusion-platform\/formularios\/","title":{"rendered":"Formul\u00e1rios &#8211; E-forms"},"content":{"rendered":"\n<section class=\"wp-block-group alignfull is-style-hero has-global-padding is-layout-constrained wp-container-core-group-is-layout-84b6569d wp-block-group-is-layout-constrained\">\n<div class=\"wp-block-group alignfull has-global-padding is-layout-constrained wp-block-group-is-layout-constrained\">\n<p class=\"is-style-heading\">Elimina correos, papeles y mucho m\u00e1s con nuestros formularios electr\u00f3nicos<\/p>\n<\/div>\n\n\n\n<div class=\"wp-block-group alignfull has-global-padding is-layout-constrained wp-block-group-is-layout-constrained\">\n<p>Transforma formularios en papel en digitales sin necesidad de programaci\u00f3n y ahorra tiempo y dinero, aumentando la eficiencia en toda tu organizaci\u00f3n<\/p>\n<\/div>\n\n\n\n<div class=\"wp-block-buttons is-style-hero is-layout-flex wp-block-buttons-is-layout-flex\">\n<div class=\"wp-block-button\"><a class=\"wp-block-button__link wp-element-button\" href=\"https:\/\/www.neomind.com.br\/es\/try\/\" target=\"_blank\" rel=\"noreferrer noopener\">Pru\u00e9balo gratis<\/a><\/div>\n\n\n\n<div class=\"wp-block-button is-style-outline is-style-outline--1\"><a class=\"wp-block-button__link wp-element-button\" href=\"https:\/\/www.neomind.com.br\/es\/contacto\/\" target=\"_blank\" rel=\"noreferrer noopener\">Solicitar una demonstraci\u00f3n<\/a><\/div>\n<\/div>\n\n\n\n<div class=\"wp-block-group alignfull has-global-padding is-layout-constrained wp-block-group-is-layout-constrained\">\n<figure class=\"wp-block-image aligncenter\"><img decoding=\"async\" src=\"https:\/\/www.neomind.com.br\/wp-content\/themes\/ninodem\/assets\/images\/screens\/eforms.webp\" alt=\"Tela\"\/><\/figure>\n\n\n\n<div class=\"wp-block-group alignfull hero-bottom has-desert-storm-to-body-linear-gradient-background has-background is-layout-flow wp-block-group-is-layout-flow\"><\/div>\n<\/div>\n<\/section>\n\n\n\n<div class=\"wp-block-media-text alignwide is-stacked-on-mobile\" style=\"grid-template-columns:45% auto\"><figure class=\"wp-block-media-text__media\"><img decoding=\"async\" src=\"https:\/\/www.neomind.com.br\/wp-content\/themes\/ninodem\/assets\/images\/e-forms--create.webp\" alt=\"Crie\"\/><\/figure><div class=\"wp-block-media-text__content\">\n<header class=\"wp-block-group is-vertical is-layout-flex wp-container-core-group-is-layout-fe9cc265 wp-block-group-is-layout-flex\">\n<p class=\"is-style-heading\">Crea formularios de manera simple e intuitiva con low-code<\/p>\n<\/header>\n\n\n\n<p>Aprovecha la tecnolog\u00eda low-code para crear formularios de forma r\u00e1pida e intuitiva, incluso los m\u00e1s complejos. Transforma datos de formularios electr\u00f3nicos, impresos y correos en informaci\u00f3n estructurada, simplificando la gesti\u00f3n de datos y procesos.<\/p>\n\n\n\n<div class=\"wp-block-buttons is-layout-flex wp-block-buttons-is-layout-flex\">\n<div class=\"wp-block-button is-style-link is-style-link--2\"><a class=\"wp-block-button__link wp-element-button\" href=\"https:\/\/www.neomind.com.br\/es\/contacto\/\">Solicitar una demonstraci\u00f3n<\/a><\/div>\n<\/div>\n<\/div><\/div>\n\n\n\n<div class=\"wp-block-media-text alignwide has-media-on-the-right is-stacked-on-mobile\" style=\"grid-template-columns:auto 45%\"><div class=\"wp-block-media-text__content\">\n<header class=\"wp-block-group is-vertical is-layout-flex wp-container-core-group-is-layout-fe9cc265 wp-block-group-is-layout-flex\">\n<p class=\"is-style-heading\">Facilidad en la integraci\u00f3n con datos de otras fuentes<\/p>\n<\/header>\n\n\n\n<p>Agrega f\u00e1cilmente informaci\u00f3n de sistemas externos a tus formularios. Con\u00e9ctate de manera \u00e1gil con cualquier fuente de datos, como ERP, CRM u otras soluciones, con lectura de datos r\u00e1pida y segura.<\/p>\n\n\n\n<div class=\"wp-block-buttons is-layout-flex wp-block-buttons-is-layout-flex\">\n<div class=\"wp-block-button is-style-link is-style-link--3\"><a class=\"wp-block-button__link wp-element-button\" href=\"https:\/\/www.neomind.com.br\/es\/contacto\/\">Solicitar una demonstraci\u00f3n<\/a><\/div>\n<\/div>\n<\/div><figure class=\"wp-block-media-text__media\"><img decoding=\"async\" src=\"https:\/\/www.neomind.com.br\/wp-content\/themes\/ninodem\/assets\/images\/e-forms--source.webp\" alt=\"Fontes\"\/><\/figure><\/div>\n\n\n\n<div class=\"wp-block-media-text alignwide is-stacked-on-mobile\" style=\"grid-template-columns:45% auto\"><figure class=\"wp-block-media-text__media\"><img decoding=\"async\" src=\"https:\/\/www.neomind.com.br\/wp-content\/themes\/ninodem\/assets\/images\/e-forms--audit.webp\" alt=\"Auditoria\"\/><\/figure><div class=\"wp-block-media-text__content\">\n<header class=\"wp-block-group is-vertical is-layout-flex wp-container-core-group-is-layout-fe9cc265 wp-block-group-is-layout-flex\">\n<p class=\"is-style-heading\">Gobernanza y auditor\u00eda completa para mayor seguridad<\/p>\n<\/header>\n\n\n\n<p>Cuenta con funciones robustas de gobernanza de acceso, confidencialidad, cifrado, segmentaci\u00f3n de grupos y roles, adem\u00e1s de generaci\u00f3n de datos a partir de procesos y documentos. Ofrece una capa avanzada de auditor\u00eda, cumplimiento normativo y trazabilidad detallada de los datos.<\/p>\n\n\n\n<div class=\"wp-block-buttons is-layout-flex wp-block-buttons-is-layout-flex\">\n<div class=\"wp-block-button is-style-link is-style-link--4\"><a class=\"wp-block-button__link wp-element-button\" href=\"https:\/\/www.neomind.com.br\/es\/contacto\/\">Solicitar una demonstraci\u00f3n<\/a><\/div>\n<\/div>\n<\/div><\/div>\n\n\n\n<div class=\"wp-block-group alignfull fusion-platform-advantages has-global-padding is-layout-constrained wp-container-core-group-is-layout-39865595 wp-block-group-is-layout-constrained\">\n<p class=\"is-style-heading fusion-platform-advantages-heading\">M\u00e1s eficiencia, menos complicaciones.<\/p>\n\n\n\n<div class=\"wp-block-group fusion-platform-advantages-row is-content-justification-space-between is-nowrap is-layout-flex wp-container-core-group-is-layout-cb46ffcb wp-block-group-is-layout-flex\">\n<div class=\"wp-block-group fusion-platform-advantages-col-2 is-vertical is-layout-flex wp-container-core-group-is-layout-fe9cc265 wp-block-group-is-layout-flex\">\n<p><img decoding=\"async\" style=\"width: 60px;\" src=\"https:\/\/www.neomind.com.br\/wp-content\/themes\/ninodem\/assets\/images\/e-forms\/paperless.svg\" alt=\"\"><\/p>\n\n\n\n<p>Simplifica tus flujos de trabajo eliminando el papeleo<\/p>\n<\/div>\n\n\n\n<div class=\"wp-block-group fusion-platform-advantages-col-3 is-vertical is-layout-flex wp-container-core-group-is-layout-fe9cc265 wp-block-group-is-layout-flex\">\n<p><img decoding=\"async\" style=\"width: 60px;\" src=\"https:\/\/www.neomind.com.br\/wp-content\/themes\/ninodem\/assets\/images\/e-forms\/integration.svg\" alt=\"\"><\/p>\n\n\n\n<p>Integraci\u00f3n completa con procesos, documentos y firmas<\/p>\n<\/div>\n\n\n\n<div class=\"wp-block-group fusion-platform-advantages-col-4 is-vertical is-layout-flex wp-container-core-group-is-layout-fe9cc265 wp-block-group-is-layout-flex\">\n<p><img decoding=\"async\" style=\"width: 60px;\" src=\"https:\/\/www.neomind.com.br\/wp-content\/themes\/ninodem\/assets\/images\/e-forms\/accuracy.svg\" alt=\"\"><\/p>\n\n\n\n<p>Garantiza precisi\u00f3n y evita errores o p\u00e9rdida de informaci\u00f3n<\/p>\n<\/div>\n\n\n\n<div class=\"wp-block-group fusion-platform-advantages-col-4 is-vertical is-layout-flex wp-container-core-group-is-layout-fe9cc265 wp-block-group-is-layout-flex\">\n<p><img decoding=\"async\" style=\"width: 60px;\" src=\"https:\/\/www.neomind.com.br\/wp-content\/themes\/ninodem\/assets\/images\/e-forms\/insights.svg\" alt=\"\"><\/p>\n\n\n\n<p>Transforma los datos recopilados en insights estrat\u00e9gicos<\/p>\n<\/div>\n<\/div>\n<\/div>\n\n\n\n<section class=\"wp-block-group alignfull sync-integrations has-global-padding is-layout-constrained wp-container-core-group-is-layout-a0f86a60 wp-block-group-is-layout-constrained\">\n<div style=\"height:var(--wp--preset--spacing--15)\" aria-hidden=\"true\" class=\"wp-block-spacer\"><\/div>\n\n\n\n<div class=\"wp-block-group sync-integrations-headline has-global-padding is-layout-constrained wp-block-group-is-layout-constrained\">\n<p class=\"sync-integrations-headline-text\" style=\"text-transform:uppercase\">Integraciones<\/p>\n<\/div>\n\n\n\n<div class=\"wp-block-group sync-integrations-content is-vertical is-layout-flex wp-container-core-group-is-layout-fe9cc265 wp-block-group-is-layout-flex\">\n<p class=\"sync-integrations-heading\">El ecosistema perfecto para el crecimiento de tu negocio<\/p>\n\n\n\n<p class=\"sync-integrations-text\">Desbloquea nuevas posibilidades e impulsa el crecimiento de tu negocio a trav\u00e9s de integraciones nativas, inteligentes y flexibles.<\/p>\n<\/div>\n\n\n\n<figure class=\"wp-block-image size-large\"><img decoding=\"async\" src=\"https:\/\/www.neomind.com.br\/wp-content\/themes\/ninodem\/assets\/images\/sync-integrations.webp\" alt=\"\"\/><\/figure>\n\n\n\n<div style=\"height:var(--wp--preset--spacing--60)\" aria-hidden=\"true\" class=\"wp-block-spacer\"><\/div>\n<\/section>\n\n\n\n<div style=\"height:var(--wp--preset--spacing--30)\" aria-hidden=\"true\" class=\"wp-block-spacer\"><\/div>\n\n\n\n<section class=\"wp-block-group alignfull banner-cta has-global-padding is-layout-constrained wp-block-group-is-layout-constrained\">\n<div class=\"wp-block-group alignfull has-global-padding is-layout-constrained wp-block-group-is-layout-constrained\">\n<div class=\"wp-block-group is-layout-flex wp-block-group-is-layout-flex\">\n<div class=\"wp-block-group is-vertical is-layout-flex wp-container-core-group-is-layout-fe9cc265 wp-block-group-is-layout-flex\">\n<p>\u00bfQu\u00e9 est\u00e1s esperando?<\/p>\n\n\n\n<p class=\"is-style-heading\">Fusion Platform puede transformar tu empresa y traer los resultados que siempre has deseado<\/p>\n\n\n\n<div class=\"wp-block-buttons is-layout-flex wp-block-buttons-is-layout-flex\">\n<div class=\"wp-block-button is-style-outline is-style-outline--5\"><a class=\"wp-block-button__link wp-element-button\" href=\"https:\/\/www.neomind.com.br\/es\/contacto\/\">Habla con nosotros<\/a><\/div>\n<\/div>\n<\/div>\n\n\n\n<figure class=\"wp-block-image size-large\"><img loading=\"lazy\" decoding=\"async\" width=\"1024\" height=\"730\" src=\"https:\/\/www.neomind.com.br\/wp-content\/uploads\/2025\/05\/fusion-modulos-1024x730.webp\" alt=\"\" class=\"wp-image-32773\" style=\"object-fit:cover\" srcset=\"https:\/\/www.neomind.com.br\/wp-content\/uploads\/2025\/05\/fusion-modulos-1024x730.webp 1024w, https:\/\/www.neomind.com.br\/wp-content\/uploads\/2025\/05\/fusion-modulos-300x214.webp 300w, https:\/\/www.neomind.com.br\/wp-content\/uploads\/2025\/05\/fusion-modulos-768x547.webp 768w, https:\/\/www.neomind.com.br\/wp-content\/uploads\/2025\/05\/fusion-modulos-1536x1095.webp 1536w, https:\/\/www.neomind.com.br\/wp-content\/uploads\/2025\/05\/fusion-modulos.webp 1738w\" sizes=\"auto, (max-width: 1024px) 100vw, 1024px\" \/><\/figure>\n<\/div>\n<\/div>\n<\/section>\n","protected":false},"excerpt":{"rendered":"<p>Elimina correos, papeles y mucho m\u00e1s con nuestros formularios electr\u00f3nicos Transforma formularios en papel en digitales sin necesidad de programaci\u00f3n y ahorra tiempo y dinero, aumentando la eficiencia en toda tu organizaci\u00f3n<\/p>\n","protected":false},"author":1,"featured_media":0,"parent":32069,"menu_order":0,"comment_status":"closed","ping_status":"closed","template":"page-twentytwentyfive","meta":{"footnotes":""},"class_list":["post-32131","page","type-page","status-publish","hentry"],"yoast_head":"<!-- This site is optimized with the Yoast SEO plugin v25.4 - https:\/\/yoast.com\/wordpress\/plugins\/seo\/ -->\n<title>Formularios | e-Forms | Neomind<\/title>\n<meta name=\"description\" content=\"Transforma formularios en papel en digitales sin necesidad de programaci\u00f3n y ahorra tiempo y dinero, aumentando la eficiencia en toda tu organizaci\u00f3n\" \/>\n<meta name=\"robots\" content=\"index, follow, max-snippet:-1, max-image-preview:large, max-video-preview:-1\" \/>\n<link rel=\"canonical\" href=\"https:\/\/www.neomind.com.br\/es\/fusion-platform\/formularios\/\" \/>\n<meta property=\"og:locale\" content=\"es_ES\" \/>\n<meta property=\"og:type\" content=\"article\" \/>\n<meta property=\"og:title\" content=\"Formularios | e-Forms | Neomind\" \/>\n<meta property=\"og:description\" content=\"Transforma formularios en papel en digitales sin necesidad de programaci\u00f3n y ahorra tiempo y dinero, aumentando la eficiencia en toda tu organizaci\u00f3n\" \/>\n<meta property=\"og:url\" content=\"https:\/\/www.neomind.com.br\/es\/fusion-platform\/formularios\/\" \/>\n<meta property=\"og:site_name\" content=\"Neomind\" \/>\n<meta property=\"article:publisher\" content=\"https:\/\/www.facebook.com\/neomindsocial\" \/>\n<meta property=\"article:modified_time\" content=\"2025-05-15T17:04:52+00:00\" \/>\n<meta property=\"og:image\" content=\"https:\/\/www.neomind.com.br\/wp-content\/themes\/ninodem\/assets\/images\/screens\/eforms.webp\" \/>\n<meta name=\"twitter:card\" content=\"summary_large_image\" \/>\n<meta name=\"twitter:label1\" content=\"Tiempo de lectura\" \/>\n\t<meta name=\"twitter:data1\" content=\"1 minuto\" \/>\n<script type=\"application\/ld+json\" class=\"yoast-schema-graph\">{\"@context\":\"https:\/\/schema.org\",\"@graph\":[{\"@type\":\"WebPage\",\"@id\":\"https:\/\/www.neomind.com.br\/es\/fusion-platform\/formularios\/\",\"url\":\"https:\/\/www.neomind.com.br\/es\/fusion-platform\/formularios\/\",\"name\":\"Formularios | e-Forms | Neomind\",\"isPartOf\":{\"@id\":\"https:\/\/www.neomind.com.br\/#website\"},\"about\":{\"@id\":\"https:\/\/www.neomind.com.br\/#organization\"},\"primaryImageOfPage\":{\"@id\":\"https:\/\/www.neomind.com.br\/es\/fusion-platform\/formularios\/#primaryimage\"},\"image\":{\"@id\":\"https:\/\/www.neomind.com.br\/es\/fusion-platform\/formularios\/#primaryimage\"},\"thumbnailUrl\":\"https:\/\/www.neomind.com.br\/wp-content\/themes\/ninodem\/assets\/images\/screens\/eforms.webp\",\"datePublished\":\"2025-05-15T16:45:03+00:00\",\"dateModified\":\"2025-05-15T17:04:52+00:00\",\"description\":\"Transforma formularios en papel en digitales sin necesidad de programaci\u00f3n y ahorra tiempo y dinero, aumentando la eficiencia en toda tu organizaci\u00f3n\",\"breadcrumb\":{\"@id\":\"https:\/\/www.neomind.com.br\/es\/fusion-platform\/formularios\/#breadcrumb\"},\"inLanguage\":\"es\",\"potentialAction\":[{\"@type\":\"ReadAction\",\"target\":[\"https:\/\/www.neomind.com.br\/es\/fusion-platform\/formularios\/\"]}]},{\"@type\":\"ImageObject\",\"inLanguage\":\"es\",\"@id\":\"https:\/\/www.neomind.com.br\/es\/fusion-platform\/formularios\/#primaryimage\",\"url\":\"https:\/\/www.neomind.com.br\/wp-content\/themes\/ninodem\/assets\/images\/screens\/eforms.webp\",\"contentUrl\":\"https:\/\/www.neomind.com.br\/wp-content\/themes\/ninodem\/assets\/images\/screens\/eforms.webp\"},{\"@type\":\"BreadcrumbList\",\"@id\":\"https:\/\/www.neomind.com.br\/es\/fusion-platform\/formularios\/#breadcrumb\",\"itemListElement\":[{\"@type\":\"ListItem\",\"position\":1,\"name\":\"In\u00edcio\"}]},{\"@type\":\"WebSite\",\"@id\":\"https:\/\/www.neomind.com.br\/#website\",\"url\":\"https:\/\/www.neomind.com.br\/\",\"name\":\"Neomind\",\"description\":\"\",\"publisher\":{\"@id\":\"https:\/\/www.neomind.com.br\/#organization\"},\"potentialAction\":[{\"@type\":\"SearchAction\",\"target\":{\"@type\":\"EntryPoint\",\"urlTemplate\":\"https:\/\/www.neomind.com.br\/?s={search_term_string}\"},\"query-input\":{\"@type\":\"PropertyValueSpecification\",\"valueRequired\":true,\"valueName\":\"search_term_string\"}}],\"inLanguage\":\"es\"},{\"@type\":\"Organization\",\"@id\":\"https:\/\/www.neomind.com.br\/#organization\",\"name\":\"Neomind\",\"url\":\"https:\/\/www.neomind.com.br\/\",\"logo\":{\"@type\":\"ImageObject\",\"inLanguage\":\"es\",\"@id\":\"https:\/\/www.neomind.com.br\/#\/schema\/logo\/image\/\",\"url\":\"https:\/\/www.neomind.com.br\/wp-content\/uploads\/2018\/04\/logo-neomind-vertical.png\",\"contentUrl\":\"https:\/\/www.neomind.com.br\/wp-content\/uploads\/2018\/04\/logo-neomind-vertical.png\",\"width\":1280,\"height\":713,\"caption\":\"Neomind\"},\"image\":{\"@id\":\"https:\/\/www.neomind.com.br\/#\/schema\/logo\/image\/\"},\"sameAs\":[\"https:\/\/www.facebook.com\/neomindsocial\",\"https:\/\/www.instagram.com\/neomind.solutions\/\",\"https:\/\/www.linkedin.com\/company\/neomind\/\",\"https:\/\/www.youtube.com\/NeomindSocial\/\"]}]}<\/script>\n<!-- \/ Yoast SEO plugin. -->","yoast_head_json":{"title":"Formularios | e-Forms | Neomind","description":"Transforma formularios en papel en digitales sin necesidad de programaci\u00f3n y ahorra tiempo y dinero, aumentando la eficiencia en toda tu organizaci\u00f3n","robots":{"index":"index","follow":"follow","max-snippet":"max-snippet:-1","max-image-preview":"max-image-preview:large","max-video-preview":"max-video-preview:-1"},"canonical":"https:\/\/www.neomind.com.br\/es\/fusion-platform\/formularios\/","og_locale":"es_ES","og_type":"article","og_title":"Formularios | e-Forms | Neomind","og_description":"Transforma formularios en papel en digitales sin necesidad de programaci\u00f3n y ahorra tiempo y dinero, aumentando la eficiencia en toda tu organizaci\u00f3n","og_url":"https:\/\/www.neomind.com.br\/es\/fusion-platform\/formularios\/","og_site_name":"Neomind","article_publisher":"https:\/\/www.facebook.com\/neomindsocial","article_modified_time":"2025-05-15T17:04:52+00:00","og_image":[{"url":"https:\/\/www.neomind.com.br\/wp-content\/themes\/ninodem\/assets\/images\/screens\/eforms.webp","type":"","width":"","height":""}],"twitter_card":"summary_large_image","twitter_misc":{"Tiempo de lectura":"1 minuto"},"schema":{"@context":"https:\/\/schema.org","@graph":[{"@type":"WebPage","@id":"https:\/\/www.neomind.com.br\/es\/fusion-platform\/formularios\/","url":"https:\/\/www.neomind.com.br\/es\/fusion-platform\/formularios\/","name":"Formularios | e-Forms | Neomind","isPartOf":{"@id":"https:\/\/www.neomind.com.br\/#website"},"about":{"@id":"https:\/\/www.neomind.com.br\/#organization"},"primaryImageOfPage":{"@id":"https:\/\/www.neomind.com.br\/es\/fusion-platform\/formularios\/#primaryimage"},"image":{"@id":"https:\/\/www.neomind.com.br\/es\/fusion-platform\/formularios\/#primaryimage"},"thumbnailUrl":"https:\/\/www.neomind.com.br\/wp-content\/themes\/ninodem\/assets\/images\/screens\/eforms.webp","datePublished":"2025-05-15T16:45:03+00:00","dateModified":"2025-05-15T17:04:52+00:00","description":"Transforma formularios en papel en digitales sin necesidad de programaci\u00f3n y ahorra tiempo y dinero, aumentando la eficiencia en toda tu organizaci\u00f3n","breadcrumb":{"@id":"https:\/\/www.neomind.com.br\/es\/fusion-platform\/formularios\/#breadcrumb"},"inLanguage":"es","potentialAction":[{"@type":"ReadAction","target":["https:\/\/www.neomind.com.br\/es\/fusion-platform\/formularios\/"]}]},{"@type":"ImageObject","inLanguage":"es","@id":"https:\/\/www.neomind.com.br\/es\/fusion-platform\/formularios\/#primaryimage","url":"https:\/\/www.neomind.com.br\/wp-content\/themes\/ninodem\/assets\/images\/screens\/eforms.webp","contentUrl":"https:\/\/www.neomind.com.br\/wp-content\/themes\/ninodem\/assets\/images\/screens\/eforms.webp"},{"@type":"BreadcrumbList","@id":"https:\/\/www.neomind.com.br\/es\/fusion-platform\/formularios\/#breadcrumb","itemListElement":[{"@type":"ListItem","position":1,"name":"In\u00edcio"}]},{"@type":"WebSite","@id":"https:\/\/www.neomind.com.br\/#website","url":"https:\/\/www.neomind.com.br\/","name":"Neomind","description":"","publisher":{"@id":"https:\/\/www.neomind.com.br\/#organization"},"potentialAction":[{"@type":"SearchAction","target":{"@type":"EntryPoint","urlTemplate":"https:\/\/www.neomind.com.br\/?s={search_term_string}"},"query-input":{"@type":"PropertyValueSpecification","valueRequired":true,"valueName":"search_term_string"}}],"inLanguage":"es"},{"@type":"Organization","@id":"https:\/\/www.neomind.com.br\/#organization","name":"Neomind","url":"https:\/\/www.neomind.com.br\/","logo":{"@type":"ImageObject","inLanguage":"es","@id":"https:\/\/www.neomind.com.br\/#\/schema\/logo\/image\/","url":"https:\/\/www.neomind.com.br\/wp-content\/uploads\/2018\/04\/logo-neomind-vertical.png","contentUrl":"https:\/\/www.neomind.com.br\/wp-content\/uploads\/2018\/04\/logo-neomind-vertical.png","width":1280,"height":713,"caption":"Neomind"},"image":{"@id":"https:\/\/www.neomind.com.br\/#\/schema\/logo\/image\/"},"sameAs":["https:\/\/www.facebook.com\/neomindsocial","https:\/\/www.instagram.com\/neomind.solutions\/","https:\/\/www.linkedin.com\/company\/neomind\/","https:\/\/www.youtube.com\/NeomindSocial\/"]}]}},"_links":{"self":[{"href":"https:\/\/www.neomind.com.br\/es\/wp-json\/wp\/v2\/pages\/32131","targetHints":{"allow":["GET"]}}],"collection":[{"href":"https:\/\/www.neomind.com.br\/es\/wp-json\/wp\/v2\/pages"}],"about":[{"href":"https:\/\/www.neomind.com.br\/es\/wp-json\/wp\/v2\/types\/page"}],"author":[{"embeddable":true,"href":"https:\/\/www.neomind.com.br\/es\/wp-json\/wp\/v2\/users\/1"}],"replies":[{"embeddable":true,"href":"https:\/\/www.neomind.com.br\/es\/wp-json\/wp\/v2\/comments?post=32131"}],"version-history":[{"count":2,"href":"https:\/\/www.neomind.com.br\/es\/wp-json\/wp\/v2\/pages\/32131\/revisions"}],"predecessor-version":[{"id":32133,"href":"https:\/\/www.neomind.com.br\/es\/wp-json\/wp\/v2\/pages\/32131\/revisions\/32133"}],"up":[{"embeddable":true,"href":"https:\/\/www.neomind.com.br\/es\/wp-json\/wp\/v2\/pages\/32069"}],"wp:attachment":[{"href":"https:\/\/www.neomind.com.br\/es\/wp-json\/wp\/v2\/media?parent=32131"}],"curies":[{"name":"wp","href":"https:\/\/api.w.org\/{rel}","templated":true}]}}