{"id":8729,"date":"2021-08-03T21:37:21","date_gmt":"2021-08-04T00:37:21","guid":{"rendered":"http:\/\/ec2-54-232-63-254.sa-east-1.compute.amazonaws.com\/quem-somos\/"},"modified":"2025-05-16T09:44:26","modified_gmt":"2025-05-16T12:44:26","slug":"acerca-de-nosotros","status":"publish","type":"page","link":"https:\/\/www.neomind.com.br\/es\/acerca-de-nosotros\/","title":{"rendered":"Acerca de nosotros"},"content":{"rendered":"\n<div class=\"wp-block-cover alignfull is-light hero-quem-somos has-body-color has-text-color has-link-color wp-elements-73a01343968b603f56c9f0bab6d2d707\"><video class=\"wp-block-cover__video-background intrinsic-ignore\" autoplay muted loop playsinline src=\"https:\/\/www.neomind.com.br\/wp-content\/uploads\/2021\/09\/video_quem_somos.mp4\" data-object-fit=\"cover\"><\/video><span aria-hidden=\"true\" class=\"wp-block-cover__background has-secondary-background-color has-background-dim-0 has-background-dim\"><\/span><div class=\"wp-block-cover__inner-container is-layout-flow wp-block-cover-is-layout-flow\">\n<h2 class=\"wp-block-heading has-h-1-font-size\">La Neomind<\/h2>\n\n\n\n<p>Referencia brasile\u00f1a en soluciones tecnol\u00f3gicas de gesti\u00f3n de informaci\u00f3n, Neomind ofrece excelencia en soluciones de gesti\u00f3n de procesos, documentos e indicadores para empresas de todos los ramos. Fundada en 2006, en Joinville, Santa Catarina &#8211; Brasil, con un alto nivel de conocimiento en ECM (Enterprise Content Management), actuando en todo el territorio brasile\u00f1o con oficinas propias y asociaciones en todo el pa\u00eds. Contamos con un equipo altamente capacitado y especializado de consultores para atender la demanda de nuestros clientes en proyectos de alto valor agregado.<\/p>\n<\/div><\/div>\n\n\n\n<h2 class=\"wp-block-heading br-mobile has-h-2-font-size\">Anatom\u00eda de <br>un <em>Neominder<\/em><\/h2>\n\n\n\n<div class=\"wp-block-group alignfull anatomia is-layout-flow wp-block-group-is-layout-flow\">\n<div class=\"wp-block-cover alignfull is-light\" style=\"min-height:714px;aspect-ratio:unset;\"><img loading=\"lazy\" decoding=\"async\" width=\"2560\" height=\"714\" class=\"wp-block-cover__image-background wp-image-13633\" alt=\"\" src=\"https:\/\/www.neomind.com.br\/wp-content\/uploads\/2021\/10\/paisagem-wide.svg\" style=\"object-position:50% 100%\" data-object-fit=\"cover\" data-object-position=\"50% 100%\"\/><span aria-hidden=\"true\" class=\"wp-block-cover__background has-white-background-color has-background-dim-0 has-background-dim\"><\/span><div class=\"wp-block-cover__inner-container is-layout-flow wp-block-cover-is-layout-flow\">\n<figure class=\"wp-block-image aligncenter size-large is-resized\"><img loading=\"lazy\" decoding=\"async\" width=\"182\" height=\"388\" src=\"https:\/\/www.neomind.com.br\/wp-content\/uploads\/2021\/08\/personagem.svg\" alt=\"\" class=\"wp-image-7954\" style=\"width:244px;height:535px\"\/><\/figure>\n<\/div><\/div>\n\n\n\n<div class=\"wp-block-cover alignfull is-light has-body-color has-text-color has-link-color wp-elements-e1a7bef1eb81611a71e175352bd71a38\"><span aria-hidden=\"true\" class=\"wp-block-cover__background has-mine-shaft-2-background-color has-background-dim-100 has-background-dim\"><\/span><div class=\"wp-block-cover__inner-container is-layout-flow wp-block-cover-is-layout-flow\">\n<div class=\"wp-block-group alignwide missao is-layout-flow wp-block-group-is-layout-flow\">\n<h3 class=\"wp-block-heading\"><img loading=\"lazy\" decoding=\"async\" width=\"26\" height=\"26\" class=\"wp-image-7957\" style=\"width: 26px;\" src=\"https:\/\/www.neomind.com.br\/wp-content\/uploads\/2021\/08\/icone-missao.svg\" alt=\"\">Misi\u00f3n<\/h3>\n\n\n\n<p>Proporcionar tecnolog\u00eda, gesti\u00f3n de la informaci\u00f3n, profesionales especializados y diferenciales competitivos para las organizaciones..<\/p>\n<\/div>\n\n\n\n<div class=\"wp-block-group alignwide visao is-layout-flow wp-block-group-is-layout-flow\">\n<h3 class=\"wp-block-heading\"><img loading=\"lazy\" decoding=\"async\" width=\"26\" height=\"26\" class=\"wp-image-7960\" style=\"width: 26px;\" src=\"https:\/\/www.neomind.com.br\/wp-content\/uploads\/2021\/08\/icone-visao.svg\" alt=\"\">Visi\u00f3n<\/h3>\n\n\n\n<p class=\"br-mobile\">Ser la mejor opci\u00f3n cuando se trata de procesos, documentos e indicadores.<\/p>\n<\/div>\n\n\n\n<h3 class=\"wp-block-heading has-text-align-center valores\"><img loading=\"lazy\" decoding=\"async\" width=\"26\" height=\"26\" class=\"wp-image-7963\" style=\"width: 26px;\" src=\"https:\/\/www.neomind.com.br\/wp-content\/uploads\/2021\/08\/icone-valores.svg\" alt=\"\">Valores<\/h3>\n\n\n\n<p class=\"mobile br-mobile\">\u00c9tica,  Innovaci\u00f3n,  Personas, Calidad e Resultado.<\/p>\n\n\n\n<div class=\"wp-block-columns alignfull desktop is-layout-flex wp-container-core-columns-is-layout-28f84493 wp-block-columns-is-layout-flex\">\n<div class=\"wp-block-column is-layout-flow wp-block-column-is-layout-flow\">\n<h4 class=\"wp-block-heading has-text-align-center\">\u00c9tica<\/h4>\n\n\n\n<p class=\"has-text-align-center\">Mantener la integridad, honestidad, transparencia y confidencialidad en las relaciones.<\/p>\n<\/div>\n\n\n\n<div class=\"wp-block-column is-layout-flow wp-block-column-is-layout-flow\">\n<h4 class=\"wp-block-heading has-text-align-center\">Innovaci\u00f3n<\/h4>\n\n\n\n<p class=\"has-text-align-center\">Utilizar tecnolog\u00edas innovadoras como pilar para lograr resultados que generen ventaja competitiva.<\/p>\n<\/div>\n\n\n\n<div class=\"wp-block-column is-layout-flow wp-block-column-is-layout-flow\">\n<h4 class=\"wp-block-heading has-text-align-center\">Personas<\/h4>\n\n\n\n<p class=\"has-text-align-center\">Cautivar y desarrollar personas que busquen un alto rendimiento y constante aprendizaje y que respeten los valores \u00e9ticos y morales compatibles con la ideolog\u00eda Neomind.<\/p>\n<\/div>\n\n\n\n<div class=\"wp-block-column is-layout-flow wp-block-column-is-layout-flow\">\n<h4 class=\"wp-block-heading has-text-align-center\">Calidad<\/h4>\n\n\n\n<p class=\"has-text-align-center\">B\u00fasqueda incesante de satisfacci\u00f3n de nuestros clientes con el uso de nuestras soluciones.<\/p>\n<\/div>\n\n\n\n<div class=\"wp-block-column is-layout-flow wp-block-column-is-layout-flow\">\n<h4 class=\"wp-block-heading has-text-align-center\">Resultados<\/h4>\n\n\n\n<p class=\"has-text-align-center\">Uso de forma inteligente todos los recursos para obtener resultados positivos.<\/p>\n<\/div>\n<\/div>\n<\/div><\/div>\n<\/div>\n\n\n\n<div class=\"wp-block-columns alignwide trabalhe-conosco d-none is-layout-flex wp-container-core-columns-is-layout-28f84493 wp-block-columns-is-layout-flex\">\n<div class=\"wp-block-column is-layout-flow wp-block-column-is-layout-flow\">\n<h2 class=\"wp-block-heading\">Trabalhe conosco<\/h2>\n\n\n\n<p><strong>T\u00e1 afim de fazer parte do nosso time de <em>Neominders<\/em>?<\/strong><br>Ent\u00e3o clique no bot\u00e3o abaixo e veja nossas vagas dispon\u00edveis.<\/p>\n\n\n\n<div class=\"wp-block-buttons is-layout-flex wp-block-buttons-is-layout-flex\">\n<div class=\"wp-block-button\"><a class=\"wp-block-button__link has-primary-background-color has-background wp-element-button\" href=\"https:\/\/www.neomind.com.br\/es\/carreiras\/\">Ver vagas<\/a><\/div>\n<\/div>\n<\/div>\n\n\n\n<div class=\"wp-block-column is-layout-flow wp-block-column-is-layout-flow\">\n<figure class=\"wp-block-image size-full\"><img loading=\"lazy\" decoding=\"async\" width=\"674\" height=\"360\" src=\"https:\/\/www.neomind.com.br\/wp-content\/uploads\/2021\/08\/foto-time-neo.jpg\" alt=\"\" class=\"wp-image-7966\" srcset=\"https:\/\/www.neomind.com.br\/wp-content\/uploads\/2021\/08\/foto-time-neo.jpg 674w, https:\/\/www.neomind.com.br\/wp-content\/uploads\/2021\/08\/foto-time-neo-300x160.jpg 300w\" sizes=\"auto, (max-width: 674px) 100vw, 674px\" \/><\/figure>\n<\/div>\n<\/div>\n\n\n\n<div class=\"wp-block-group alignwide mapa is-layout-flow wp-block-group-is-layout-flow\">\n<h2 class=\"wp-block-heading\">Neomind en el mundo<\/h2>\n\n\n\n<p>Logramos un crecimiento exponencial en el mercado sumando clientes en Brasil y en el exterior, ampliando<br>nuestra red de alianzas y multiplicando el n\u00famero de usuarios de los m\u00e1s diferentes segmentos.<\/p>\n\n\n\n<figure class=\"wp-block-image aligncenter size-large is-resized\"><img loading=\"lazy\" decoding=\"async\" width=\"1300\" height=\"641\" src=\"https:\/\/www.neomind.com.br\/wp-content\/uploads\/2021\/08\/Mapa-Mundi-ES.svg\" alt=\"\" class=\"wp-image-9930\" style=\"width:1302px;height:642px\"\/><\/figure>\n<\/div>\n\n\n\n<div class=\"wp-block-group alignfull ninodem-clients is-nowrap is-layout-flex wp-container-core-group-is-layout-c0d5ccf6 wp-block-group-is-layout-flex\">\n<div class=\"wp-block-group marquee-content wp-container-content-9cfa9a5a is-nowrap is-layout-flex wp-container-core-group-is-layout-c0d5ccf6 wp-block-group-is-layout-flex\">\n<figure class=\"wp-block-image size-large is-resized\"><img decoding=\"async\" src=\"https:\/\/www.neomind.com.br\/wp-content\/themes\/ninodem\/assets\/images\/clients\/aam.svg\" alt=\"AAM\" style=\"object-fit:cover;width:87px;height:87px\"\/><\/figure>\n\n\n\n<figure class=\"wp-block-image size-large is-resized\"><img decoding=\"async\" src=\"https:\/\/www.neomind.com.br\/wp-content\/themes\/ninodem\/assets\/images\/clients\/cia-hering.svg\" alt=\"Cia.Hering\" style=\"object-fit:cover;width:198px;height:38px\"\/><\/figure>\n\n\n\n<figure class=\"wp-block-image size-large is-resized\"><img decoding=\"async\" src=\"https:\/\/www.neomind.com.br\/wp-content\/themes\/ninodem\/assets\/images\/clients\/faber-castell.svg\" alt=\"Faber-Castell\" style=\"object-fit:cover;width:198px;height:87px\"\/><\/figure>\n\n\n\n<figure class=\"wp-block-image size-large is-resized\"><img decoding=\"async\" src=\"https:\/\/www.neomind.com.br\/wp-content\/themes\/ninodem\/assets\/images\/clients\/sylvamo.svg\" alt=\"Sylvamo\" style=\"object-fit:cover;width:198px;height:40px\"\/><\/figure>\n\n\n\n<figure class=\"wp-block-image size-large is-resized\"><img decoding=\"async\" src=\"https:\/\/www.neomind.com.br\/wp-content\/themes\/ninodem\/assets\/images\/clients\/imaginarium.svg\" alt=\"Imaginarium\" style=\"object-fit:cover;width:96px;height:87px\"\/><\/figure>\n\n\n\n<figure class=\"wp-block-image size-large is-resized\"><img decoding=\"async\" src=\"https:\/\/www.neomind.com.br\/wp-content\/themes\/ninodem\/assets\/images\/clients\/saint-gobain.svg\" alt=\"Saint-Gobain\" style=\"object-fit:cover;width:198px;height:84px\"\/><\/figure>\n\n\n\n<figure class=\"wp-block-image size-large is-resized\"><img decoding=\"async\" src=\"https:\/\/www.neomind.com.br\/wp-content\/themes\/ninodem\/assets\/images\/clients\/gi-group.svg\" alt=\"GI Group\" style=\"object-fit:cover;width:198px;height:78px\"\/><\/figure>\n<\/div>\n<\/div>\n\n\n\n<div class=\"wp-block-cover alignwide cta has-body-color has-text-color has-link-color wp-elements-6b361b87b3902cfdc86e3fa1608be63c\" style=\"min-height:469px;aspect-ratio:unset;\"><span aria-hidden=\"true\" class=\"wp-block-cover__background has-background-dim-100 has-background-dim has-background-gradient has-tory-blue-to-primary-gradient-background\"><\/span><div class=\"wp-block-cover__inner-container is-layout-flow wp-block-cover-is-layout-flow\">\n<div class=\"wp-block-columns is-layout-flex wp-container-core-columns-is-layout-28f84493 wp-block-columns-is-layout-flex\">\n<div class=\"wp-block-column is-layout-flow wp-block-column-is-layout-flow\">\n<p class=\"has-downy-color has-text-color has-h-4-font-size\"><strong>\u00bfQUE ESTAS ESPERANDO?<\/strong><\/p>\n\n\n\n<p class=\"has-h-1-font-size\">Fusion Platform puede <strong>transformar su negocio<\/strong> y ofrecer los resultados que siempre ha deseado.<\/p>\n<\/div>\n\n\n\n<div class=\"wp-block-column is-layout-flow wp-block-column-is-layout-flow\">\n<div class=\"wp-block-buttons is-horizontal is-content-justification-right is-layout-flex wp-container-core-buttons-is-layout-30af2ff6 wp-block-buttons-is-layout-flex\">\n<div class=\"wp-block-button is-style-outline is-style-outline--1\"><a class=\"wp-block-button__link wp-element-button\" href=\"https:\/\/api.whatsapp.com\/send?phone=5547996388181&amp;text=Me%20gustar%C3%ADa%20saber%20m%C3%A1s%20sobre%20las%20soluciones%20de%20Neomind.\" target=\"_blank\" rel=\"noreferrer noopener\">Habla con nosotros<\/a><\/div>\n<\/div>\n<\/div>\n<\/div>\n<\/div><\/div>\n","protected":false},"excerpt":{"rendered":"<p>Anatom\u00eda de un Neominder Trabalhe conosco T\u00e1 afim de fazer parte do nosso time de Neominders?Ent\u00e3o clique no bot\u00e3o abaixo e veja nossas vagas dispon\u00edveis. Neomind en el mundo Logramos un crecimiento exponencial en el mercado sumando clientes en Brasil y en el exterior, ampliandonuestra red de alianzas y multiplicando el n\u00famero de usuarios de [&hellip;]<\/p>\n","protected":false},"author":98,"featured_media":0,"parent":0,"menu_order":0,"comment_status":"closed","ping_status":"closed","template":"page-no-title","meta":{"footnotes":""},"class_list":["post-8729","page","type-page","status-publish","hentry"],"yoast_head":"<!-- This site is optimized with the Yoast SEO plugin v25.4 - https:\/\/yoast.com\/wordpress\/plugins\/seo\/ -->\n<title>Acerca de nosotros - Neomind<\/title>\n<meta name=\"robots\" content=\"index, follow, max-snippet:-1, max-image-preview:large, max-video-preview:-1\" \/>\n<link rel=\"canonical\" href=\"https:\/\/www.neomind.com.br\/es\/acerca-de-nosotros\/\" \/>\n<meta property=\"og:locale\" content=\"es_ES\" \/>\n<meta property=\"og:type\" content=\"article\" \/>\n<meta property=\"og:title\" content=\"Acerca de nosotros - Neomind\" \/>\n<meta property=\"og:description\" content=\"Anatom\u00eda de un Neominder Trabalhe conosco T\u00e1 afim de fazer parte do nosso time de Neominders?Ent\u00e3o clique no bot\u00e3o abaixo e veja nossas vagas dispon\u00edveis. Neomind en el mundo Logramos un crecimiento exponencial en el mercado sumando clientes en Brasil y en el exterior, ampliandonuestra red de alianzas y multiplicando el n\u00famero de usuarios de [&hellip;]\" \/>\n<meta property=\"og:url\" content=\"https:\/\/www.neomind.com.br\/es\/acerca-de-nosotros\/\" \/>\n<meta property=\"og:site_name\" content=\"Neomind\" \/>\n<meta property=\"article:publisher\" content=\"https:\/\/www.facebook.com\/neomindsocial\" \/>\n<meta property=\"article:modified_time\" content=\"2025-05-16T12:44:26+00:00\" \/>\n<meta property=\"og:image\" content=\"https:\/\/www.neomind.com.br\/wp-content\/uploads\/2021\/10\/paisagem-wide.svg\" \/>\n<meta name=\"twitter:card\" content=\"summary_large_image\" \/>\n<meta name=\"twitter:label1\" content=\"Tiempo de lectura\" \/>\n\t<meta name=\"twitter:data1\" content=\"3 minutos\" \/>\n<script type=\"application\/ld+json\" class=\"yoast-schema-graph\">{\"@context\":\"https:\/\/schema.org\",\"@graph\":[{\"@type\":\"WebPage\",\"@id\":\"https:\/\/www.neomind.com.br\/es\/acerca-de-nosotros\/\",\"url\":\"https:\/\/www.neomind.com.br\/es\/acerca-de-nosotros\/\",\"name\":\"Acerca de nosotros - Neomind\",\"isPartOf\":{\"@id\":\"https:\/\/www.neomind.com.br\/#website\"},\"about\":{\"@id\":\"https:\/\/www.neomind.com.br\/#organization\"},\"primaryImageOfPage\":{\"@id\":\"https:\/\/www.neomind.com.br\/es\/acerca-de-nosotros\/#primaryimage\"},\"image\":{\"@id\":\"https:\/\/www.neomind.com.br\/es\/acerca-de-nosotros\/#primaryimage\"},\"thumbnailUrl\":\"https:\/\/www.neomind.com.br\/wp-content\/uploads\/2021\/10\/paisagem-wide.svg\",\"datePublished\":\"2021-08-04T00:37:21+00:00\",\"dateModified\":\"2025-05-16T12:44:26+00:00\",\"breadcrumb\":{\"@id\":\"https:\/\/www.neomind.com.br\/es\/acerca-de-nosotros\/#breadcrumb\"},\"inLanguage\":\"es\",\"potentialAction\":[{\"@type\":\"ReadAction\",\"target\":[\"https:\/\/www.neomind.com.br\/es\/acerca-de-nosotros\/\"]}]},{\"@type\":\"ImageObject\",\"inLanguage\":\"es\",\"@id\":\"https:\/\/www.neomind.com.br\/es\/acerca-de-nosotros\/#primaryimage\",\"url\":\"https:\/\/www.neomind.com.br\/wp-content\/uploads\/2021\/10\/paisagem-wide.svg\",\"contentUrl\":\"https:\/\/www.neomind.com.br\/wp-content\/uploads\/2021\/10\/paisagem-wide.svg\"},{\"@type\":\"BreadcrumbList\",\"@id\":\"https:\/\/www.neomind.com.br\/es\/acerca-de-nosotros\/#breadcrumb\",\"itemListElement\":[{\"@type\":\"ListItem\",\"position\":1,\"name\":\"In\u00edcio\"}]},{\"@type\":\"WebSite\",\"@id\":\"https:\/\/www.neomind.com.br\/#website\",\"url\":\"https:\/\/www.neomind.com.br\/\",\"name\":\"Neomind\",\"description\":\"\",\"publisher\":{\"@id\":\"https:\/\/www.neomind.com.br\/#organization\"},\"potentialAction\":[{\"@type\":\"SearchAction\",\"target\":{\"@type\":\"EntryPoint\",\"urlTemplate\":\"https:\/\/www.neomind.com.br\/?s={search_term_string}\"},\"query-input\":{\"@type\":\"PropertyValueSpecification\",\"valueRequired\":true,\"valueName\":\"search_term_string\"}}],\"inLanguage\":\"es\"},{\"@type\":\"Organization\",\"@id\":\"https:\/\/www.neomind.com.br\/#organization\",\"name\":\"Neomind\",\"url\":\"https:\/\/www.neomind.com.br\/\",\"logo\":{\"@type\":\"ImageObject\",\"inLanguage\":\"es\",\"@id\":\"https:\/\/www.neomind.com.br\/#\/schema\/logo\/image\/\",\"url\":\"https:\/\/www.neomind.com.br\/wp-content\/uploads\/2018\/04\/logo-neomind-vertical.png\",\"contentUrl\":\"https:\/\/www.neomind.com.br\/wp-content\/uploads\/2018\/04\/logo-neomind-vertical.png\",\"width\":1280,\"height\":713,\"caption\":\"Neomind\"},\"image\":{\"@id\":\"https:\/\/www.neomind.com.br\/#\/schema\/logo\/image\/\"},\"sameAs\":[\"https:\/\/www.facebook.com\/neomindsocial\",\"https:\/\/www.instagram.com\/neomind.solutions\/\",\"https:\/\/www.linkedin.com\/company\/neomind\/\",\"https:\/\/www.youtube.com\/NeomindSocial\/\"]}]}<\/script>\n<!-- \/ Yoast SEO plugin. -->","yoast_head_json":{"title":"Acerca de nosotros - Neomind","robots":{"index":"index","follow":"follow","max-snippet":"max-snippet:-1","max-image-preview":"max-image-preview:large","max-video-preview":"max-video-preview:-1"},"canonical":"https:\/\/www.neomind.com.br\/es\/acerca-de-nosotros\/","og_locale":"es_ES","og_type":"article","og_title":"Acerca de nosotros - Neomind","og_description":"Anatom\u00eda de un Neominder Trabalhe conosco T\u00e1 afim de fazer parte do nosso time de Neominders?Ent\u00e3o clique no bot\u00e3o abaixo e veja nossas vagas dispon\u00edveis. Neomind en el mundo Logramos un crecimiento exponencial en el mercado sumando clientes en Brasil y en el exterior, ampliandonuestra red de alianzas y multiplicando el n\u00famero de usuarios de [&hellip;]","og_url":"https:\/\/www.neomind.com.br\/es\/acerca-de-nosotros\/","og_site_name":"Neomind","article_publisher":"https:\/\/www.facebook.com\/neomindsocial","article_modified_time":"2025-05-16T12:44:26+00:00","og_image":[{"url":"https:\/\/www.neomind.com.br\/wp-content\/uploads\/2021\/10\/paisagem-wide.svg","type":"","width":"","height":""}],"twitter_card":"summary_large_image","twitter_misc":{"Tiempo de lectura":"3 minutos"},"schema":{"@context":"https:\/\/schema.org","@graph":[{"@type":"WebPage","@id":"https:\/\/www.neomind.com.br\/es\/acerca-de-nosotros\/","url":"https:\/\/www.neomind.com.br\/es\/acerca-de-nosotros\/","name":"Acerca de nosotros - Neomind","isPartOf":{"@id":"https:\/\/www.neomind.com.br\/#website"},"about":{"@id":"https:\/\/www.neomind.com.br\/#organization"},"primaryImageOfPage":{"@id":"https:\/\/www.neomind.com.br\/es\/acerca-de-nosotros\/#primaryimage"},"image":{"@id":"https:\/\/www.neomind.com.br\/es\/acerca-de-nosotros\/#primaryimage"},"thumbnailUrl":"https:\/\/www.neomind.com.br\/wp-content\/uploads\/2021\/10\/paisagem-wide.svg","datePublished":"2021-08-04T00:37:21+00:00","dateModified":"2025-05-16T12:44:26+00:00","breadcrumb":{"@id":"https:\/\/www.neomind.com.br\/es\/acerca-de-nosotros\/#breadcrumb"},"inLanguage":"es","potentialAction":[{"@type":"ReadAction","target":["https:\/\/www.neomind.com.br\/es\/acerca-de-nosotros\/"]}]},{"@type":"ImageObject","inLanguage":"es","@id":"https:\/\/www.neomind.com.br\/es\/acerca-de-nosotros\/#primaryimage","url":"https:\/\/www.neomind.com.br\/wp-content\/uploads\/2021\/10\/paisagem-wide.svg","contentUrl":"https:\/\/www.neomind.com.br\/wp-content\/uploads\/2021\/10\/paisagem-wide.svg"},{"@type":"BreadcrumbList","@id":"https:\/\/www.neomind.com.br\/es\/acerca-de-nosotros\/#breadcrumb","itemListElement":[{"@type":"ListItem","position":1,"name":"In\u00edcio"}]},{"@type":"WebSite","@id":"https:\/\/www.neomind.com.br\/#website","url":"https:\/\/www.neomind.com.br\/","name":"Neomind","description":"","publisher":{"@id":"https:\/\/www.neomind.com.br\/#organization"},"potentialAction":[{"@type":"SearchAction","target":{"@type":"EntryPoint","urlTemplate":"https:\/\/www.neomind.com.br\/?s={search_term_string}"},"query-input":{"@type":"PropertyValueSpecification","valueRequired":true,"valueName":"search_term_string"}}],"inLanguage":"es"},{"@type":"Organization","@id":"https:\/\/www.neomind.com.br\/#organization","name":"Neomind","url":"https:\/\/www.neomind.com.br\/","logo":{"@type":"ImageObject","inLanguage":"es","@id":"https:\/\/www.neomind.com.br\/#\/schema\/logo\/image\/","url":"https:\/\/www.neomind.com.br\/wp-content\/uploads\/2018\/04\/logo-neomind-vertical.png","contentUrl":"https:\/\/www.neomind.com.br\/wp-content\/uploads\/2018\/04\/logo-neomind-vertical.png","width":1280,"height":713,"caption":"Neomind"},"image":{"@id":"https:\/\/www.neomind.com.br\/#\/schema\/logo\/image\/"},"sameAs":["https:\/\/www.facebook.com\/neomindsocial","https:\/\/www.instagram.com\/neomind.solutions\/","https:\/\/www.linkedin.com\/company\/neomind\/","https:\/\/www.youtube.com\/NeomindSocial\/"]}]}},"_links":{"self":[{"href":"https:\/\/www.neomind.com.br\/es\/wp-json\/wp\/v2\/pages\/8729","targetHints":{"allow":["GET"]}}],"collection":[{"href":"https:\/\/www.neomind.com.br\/es\/wp-json\/wp\/v2\/pages"}],"about":[{"href":"https:\/\/www.neomind.com.br\/es\/wp-json\/wp\/v2\/types\/page"}],"author":[{"embeddable":true,"href":"https:\/\/www.neomind.com.br\/es\/wp-json\/wp\/v2\/users\/98"}],"replies":[{"embeddable":true,"href":"https:\/\/www.neomind.com.br\/es\/wp-json\/wp\/v2\/comments?post=8729"}],"version-history":[{"count":27,"href":"https:\/\/www.neomind.com.br\/es\/wp-json\/wp\/v2\/pages\/8729\/revisions"}],"predecessor-version":[{"id":32498,"href":"https:\/\/www.neomind.com.br\/es\/wp-json\/wp\/v2\/pages\/8729\/revisions\/32498"}],"wp:attachment":[{"href":"https:\/\/www.neomind.com.br\/es\/wp-json\/wp\/v2\/media?parent=8729"}],"curies":[{"name":"wp","href":"https:\/\/api.w.org\/{rel}","templated":true}]}}